{"id":10517,"date":"2020-10-07T15:40:47","date_gmt":"2020-10-07T12:40:47","guid":{"rendered":"https:\/\/turuntaidehalli.fi\/?page_id=10517"},"modified":"2020-10-07T15:50:14","modified_gmt":"2020-10-07T12:50:14","slug":"turun-taidehallin-nayttelyt-9-10-8-11-2020","status":"publish","type":"page","link":"https:\/\/turuntaidehalli.fi\/en\/turun-taidehallin-nayttelyt-9-10-8-11-2020\/","title":{"rendered":"Turun Taidehallin n\u00e4yttelyt 9.10.\u20138.11.2020"},"content":{"rendered":"<p><em><span style=\"font-weight: 400;\">Tiedote, julkaistu 1.10.2020.<\/span><\/em><\/p>\n<p><strong>N\u00e4yttelyt Turun Taidehallissa 9.10.\u20138.11.2020<\/strong><\/p>\n<p><span style=\"font-weight: 400;\">Lokakuussa Turun Taidehallin gallerioissa n\u00e4hd\u00e4\u00e4n James Prevettin ja Berit Talpsepp-Jaanisoon klassisesta kuvanveistosta inspiroituneita veistoksia ja piirroksia sek\u00e4 Riikka Gr\u00f6ndahlin ihmisten ja koe-el\u00e4inten suhdetta pohtivia videoteoksia. Lis\u00e4ksi aulagalleriassa esitell\u00e4\u00e4n ensimm\u00e4inen Taidelainaamon myyntikokoelmasta kuratoitu Artoteque Pique Nique -n\u00e4yttelykokonaisuus, johon teoksia valitsevat Turun Taiteilijaseuran yhteisty\u00f6kumppaneita edustavat taideasiantuntijat.<\/span><\/p>\n<p>&nbsp;<\/p>\n<p><a href=\"https:\/\/turuntaidehalli.fi\/james-prevett-berit-talpsepp-jaanisoo-ding-ting-ting\/\"><span style=\"font-weight: 400;\">Iso galleria: James Prevett ja Berit Talpsepp-Jaanisoo \/ Ding Ting Ting<\/span><\/a><\/p>\n<p><span style=\"font-weight: 400;\">Antiikin kuvanveistosta ammentava n\u00e4yttely esittelee piirroksia ja patsaita, joiden vaikutusvalta kiehtoo taiteilijoita. Voivatko esineet alkaa el\u00e4\u00e4 omaa el\u00e4m\u00e4\u00e4ns\u00e4? Puhuvatko ne meille? Vastaammeko me niille? Teostensa kautta taiteilijat pyrkiv\u00e4t luomaan paikan keskustelulle esineist\u00e4 ja ihmisist\u00e4, joilla on juurensa menneess\u00e4 mutta jotka t\u00e4ht\u00e4\u00e4v\u00e4t tulevaan \u2013 n\u00e4yttelyn, jossa kohtaavat kiinnostavat, tunteisiin vetoavat esineet ja suhteiden energiakent\u00e4t. James Prevett (s. 1977, Iso-Britannia) asuu ja ty\u00f6skentelee Helsingiss\u00e4. H\u00e4nen ty\u00f6skentely\u00e4\u00e4n leimaa syv\u00e4 kiinnostus tietoisuutta ja fyysist\u00e4 sek\u00e4 veistoksellista kohtaan. Berit Talpsepp-Jaanisoo (s. 1984, Viro) asuu ja ty\u00f6skentelee Suomessa. Viimeaikaisissa t\u00f6iss\u00e4\u00e4n h\u00e4n on tutkinut figuratiivisten objektien perinteisi\u00e4 ja uusia merkityksi\u00e4, l\u00e4hestyen aihetta erilaisten k\u00e4sitteellisten tulokulmien, materiaalien ja tekniikoiden kautta.<\/span><\/p>\n<p>&nbsp;<\/p>\n<p><a href=\"https:\/\/turuntaidehalli.fi\/riikka-grondahl-absent-referent-9-10-8-11-2020\/\"><span style=\"font-weight: 400;\">Pieni galleria: Riikka Gr\u00f6ndahl \/ Absent Referent<\/span><\/a><\/p>\n<p><span style=\"font-weight: 400;\">Riikka Gr\u00f6ndahlin videoinstallaatio Absent Referent koostuu kahdesta erilaisesta videomateriaalista: mikrokirurgia-kurssista, jossa rottia k\u00e4ytet\u00e4\u00e4n koulutuksessa, sek\u00e4 ihmisist\u00e4 katsomassa t\u00e4t\u00e4 koulutusta. Teos k\u00e4sittelee ihmisten suhdetta muihin el\u00e4imiin tietyss\u00e4 tieteellisess\u00e4 kontekstissa ja tutkii ihmisten tapaa katsoa kuvia, jotka sis\u00e4lt\u00e4v\u00e4t institutionaalista v\u00e4kivaltaa ja huolenpitoa. Riikka Gr\u00f6ndahl (s. 1989 Lappeenranta) asuu ja ty\u00f6skentelee G\u00f6teborgissa. H\u00e4nen dokumentaariset teoksensa syntyv\u00e4t kohtaamisista, joissa h\u00e4n kerrytt\u00e4\u00e4 elettyyn kokemukseen perustuvaa tietoa.<\/span><\/p>\n<p>&nbsp;<\/p>\n<p><a href=\"https:\/\/turuntaidehalli.fi\/riikka-grondahl-hiljainen-videomuotokuva-tyopaja-10-10-2020\/\"><span style=\"font-weight: 400;\">Hiljainen videomuotokuva -ty\u00f6paja<\/span><\/a><\/p>\n<p><span style=\"font-weight: 400;\">N\u00e4yttelyn yhteydess\u00e4 ja sen teemoja pohtien j\u00e4rjestet\u00e4\u00e4n kaikille avoin videomuotokuvaus taiteilija Riikka Gr\u00f6ndahlin johdolla lauantaina 10.10. klo 13-15. Ennakkoilmoittautuminen.<\/span><\/p>\n<p>&nbsp;<\/p>\n<p><span style=\"font-weight: 400;\">&#8212;<\/span><\/p>\n<p><span style=\"font-weight: 400;\">Turun Taidehalli<br \/>\n<\/span><span style=\"font-weight: 400;\">Vanha Suurtori 5, 20500 Turku<br \/>\n<\/span><span style=\"font-weight: 400;\">+358 40 3501954, www.turuntaidehalli.fi<\/span><\/p>\n<p>&nbsp;<\/p>\n","protected":false},"excerpt":{"rendered":"<p>Tiedote, julkaistu 1.10.2020. N\u00e4yttelyt Turun Taidehallissa 9.10.\u20138.11.2020 Lokakuussa Turun Taidehallin gallerioissa n\u00e4hd\u00e4\u00e4n James Prevettin ja Berit Talpsepp-Jaanisoon klassisesta kuvanveistosta inspiroituneita veistoksia ja piirroksia sek\u00e4 Riikka Gr\u00f6ndahlin ihmisten ja koe-el\u00e4inten suhdetta pohtivia videoteoksia. Lis\u00e4ksi aulagalleriassa esitell\u00e4\u00e4n ensimm\u00e4inen Taidelainaamon myyntikokoelmasta kuratoitu Artoteque Pique Nique -n\u00e4yttelykokonaisuus, johon teoksia valitsevat Turun Taiteilijaseuran yhteisty\u00f6kumppaneita edustavat taideasiantuntijat. &nbsp; Iso galleria: James [&hellip;]<\/p>\n","protected":false},"author":7,"featured_media":0,"parent":0,"menu_order":0,"comment_status":"closed","ping_status":"closed","template":"","meta":{"spay_email":""},"jetpack_shortlink":"https:\/\/wp.me\/PaOqsS-2JD","_links":{"self":[{"href":"https:\/\/turuntaidehalli.fi\/en\/wp-json\/wp\/v2\/pages\/10517"}],"collection":[{"href":"https:\/\/turuntaidehalli.fi\/en\/wp-json\/wp\/v2\/pages"}],"about":[{"href":"https:\/\/turuntaidehalli.fi\/en\/wp-json\/wp\/v2\/types\/page"}],"author":[{"embeddable":true,"href":"https:\/\/turuntaidehalli.fi\/en\/wp-json\/wp\/v2\/users\/7"}],"replies":[{"embeddable":true,"href":"https:\/\/turuntaidehalli.fi\/en\/wp-json\/wp\/v2\/comments?post=10517"}],"version-history":[{"count":5,"href":"https:\/\/turuntaidehalli.fi\/en\/wp-json\/wp\/v2\/pages\/10517\/revisions"}],"predecessor-version":[{"id":18086,"href":"https:\/\/turuntaidehalli.fi\/en\/wp-json\/wp\/v2\/pages\/10517\/revisions\/18086"}],"wp:attachment":[{"href":"https:\/\/turuntaidehalli.fi\/en\/wp-json\/wp\/v2\/media?parent=10517"}],"curies":[{"name":"wp","href":"https:\/\/api.w.org\/{rel}","templated":true}]}}