{"id":1925,"date":"2019-11-24T17:03:53","date_gmt":"2019-11-24T15:03:53","guid":{"rendered":"https:\/\/turuntaidehalli.fi\/banquet-hall\/"},"modified":"2020-01-13T14:29:17","modified_gmt":"2020-01-13T12:29:17","slug":"banquet-hall","status":"publish","type":"page","link":"https:\/\/turuntaidehalli.fi\/en\/banquet-hall\/","title":{"rendered":"BANQUET HALL"},"content":{"rendered":"<div   data-size='featured_large'  data-lightbox_size='large'  data-animation='fade'  data-conditional_play=''  data-ids='109,110,111,112,113,114,115,116'  data-video_counter='0'  data-autoplay='true'  data-bg_slider='false'  data-slide_height=''  data-handle='av_slideshow'  data-interval='5'  data-class=' avia-builder-el-0  el_before_av_one_fifth  avia-builder-el-first  '  data-el_id=''  data-css_id=''  data-scroll_down=''  data-control_layout='av-control-hidden'  data-custom_markup=''  data-perma_caption=''  data-autoplay_stopper=''  data-image_attachment=''  data-min_height='0px'  data-lazy_loading='disabled'  data-default-height='42'  class='avia-slideshow avia-slideshow-1  av-control-hidden av-default-height-applied avia-slideshow-featured_large av_slideshow  avia-builder-el-0  el_before_av_one_fifth  avia-builder-el-first   avia-fade-slider '  itemprop=\"image\" itemscope=\"itemscope\" itemtype=\"https:\/\/schema.org\/ImageObject\" ><ul class='avia-slideshow-inner ' style='padding-bottom: 42%;' ><li  class=' slide-1 ' ><div data-rel='slideshow-1' class='avia-slide-wrap '   ><img class=\"wp-image-163 avia-img-lazy-loading-not-163\"  src=\"https:\/\/turuntaidehalli.fi\/wp-content\/uploads\/2019\/03\/MariaKiraly_TTjuhlasali_16-1500x630.jpg\" width=\"1500\" height=\"630\" title='MariaKiraly_TTjuhlasali_16' alt=''  itemprop=\"thumbnailUrl\"   \/><\/div><\/li><li  class=' slide-2 ' ><div data-rel='slideshow-1' class='avia-slide-wrap '   ><img class=\"wp-image-165 avia-img-lazy-loading-not-165\"  src=\"https:\/\/turuntaidehalli.fi\/wp-content\/uploads\/2019\/03\/JuliusToyryla_TTjuhlasali_01-1500x630.jpg\" width=\"1500\" height=\"630\" title='JuliusToyryla_TTjuhlasali_01' alt=''  itemprop=\"thumbnailUrl\"   \/><\/div><\/li><li  class=' slide-3 ' ><div data-rel='slideshow-1' class='avia-slide-wrap '   ><img class=\"wp-image-167 avia-img-lazy-loading-not-167\"  src=\"https:\/\/turuntaidehalli.fi\/wp-content\/uploads\/2019\/03\/MariaKiraly_TTjuhlasali_05-1500x630.jpg\" width=\"1500\" height=\"630\" title='MariaKiraly_TTjuhlasali_05' alt=''  itemprop=\"thumbnailUrl\"   \/><\/div><\/li><li  class=' slide-4 ' ><div data-rel='slideshow-1' class='avia-slide-wrap '   ><img class=\"wp-image-169 avia-img-lazy-loading-not-169\"  src=\"https:\/\/turuntaidehalli.fi\/wp-content\/uploads\/2019\/03\/MariaKiraly_TTjuhlasali_04-1500x630.jpg\" width=\"1500\" height=\"630\" title='MariaKiraly_TTjuhlasali_04' alt=''  itemprop=\"thumbnailUrl\"   \/><\/div><\/li><li  class=' slide-5 ' ><div data-rel='slideshow-1' class='avia-slide-wrap '   ><img class=\"wp-image-171 avia-img-lazy-loading-not-171\"  src=\"https:\/\/turuntaidehalli.fi\/wp-content\/uploads\/2019\/03\/TTH_JUHLASALI_0950_VesaAaltonen-1500x630.jpg\" width=\"1500\" height=\"630\" title='TTH_JUHLASALI_0950_VesaAaltonen' alt=''  itemprop=\"thumbnailUrl\"   \/><\/div><\/li><li  class=' slide-6 ' ><div data-rel='slideshow-1' class='avia-slide-wrap '   ><img class=\"wp-image-173 avia-img-lazy-loading-not-173\"  src=\"https:\/\/turuntaidehalli.fi\/wp-content\/uploads\/2019\/03\/TTH_JUHLASALI_1115_VesaAaltonen-1500x630.jpg\" width=\"1500\" height=\"630\" title='TTH_JUHLASALI_1115_VesaAaltonen' alt=''  itemprop=\"thumbnailUrl\"   \/><\/div><\/li><li  class=' slide-7 ' ><div data-rel='slideshow-1' class='avia-slide-wrap '   ><img class=\"wp-image-175 avia-img-lazy-loading-not-175\"  src=\"https:\/\/turuntaidehalli.fi\/wp-content\/uploads\/2019\/03\/TTH_JUHLASALI_DSC_0950-1500x630.jpg\" width=\"1500\" height=\"630\" title='TTH_JUHLASALI_DSC_0950' alt=''  itemprop=\"thumbnailUrl\"   \/><\/div><\/li><li  class=' slide-8 ' ><div data-rel='slideshow-1' class='avia-slide-wrap '   ><img class=\"wp-image-177 avia-img-lazy-loading-not-177\"  src=\"https:\/\/turuntaidehalli.fi\/wp-content\/uploads\/2019\/03\/MariaKiraly_TTjuhlasali_40-1500x630.jpg\" width=\"1500\" height=\"630\" title='MariaKiraly_TTjuhlasali_40' alt=''  itemprop=\"thumbnailUrl\"   \/><\/div><\/li><\/ul><div class='avia-slideshow-arrows avia-slideshow-controls'><a href='#prev' class='prev-slide' aria-hidden='true' data-av_icon='\ue87c' data-av_iconfont='entypo-fontello'>Previous<\/a><a href='#next' class='next-slide' aria-hidden='true' data-av_icon='\ue87d' data-av_iconfont='entypo-fontello'>Next<\/a><\/div><div class='avia-slideshow-dots avia-slideshow-controls'><a href='#1' class='goto-slide active' >1<\/a><a href='#2' class='goto-slide ' >2<\/a><a href='#3' class='goto-slide ' >3<\/a><a href='#4' class='goto-slide ' >4<\/a><a href='#5' class='goto-slide ' >5<\/a><a href='#6' class='goto-slide ' >6<\/a><a href='#7' class='goto-slide ' >7<\/a><a href='#8' class='goto-slide ' >8<\/a><\/div><\/div>\n<div class=\"flex_column av_one_fifth  flex_column_div av-zero-column-padding first  avia-builder-el-1  el_after_av_slideshow  el_before_av_three_fifth  \" style='border-radius:0px; '><\/div>\n<div class=\"flex_column av_three_fifth  flex_column_div av-zero-column-padding   avia-builder-el-2  el_after_av_one_fifth  el_before_av_one_fifth  \" style='border-radius:0px; '><div  style='padding-bottom:10px; font-size:80px;' class='av-special-heading av-special-heading-h1  blockquote modern-quote modern-centered  avia-builder-el-3  avia-builder-el-no-sibling  av-inherit-size '><h1 class='av-special-heading-tag '  itemprop=\"headline\"  >Banquet hall<\/h1><div class='special-heading-border'><div class='special-heading-inner-border' ><\/div><\/div><\/div><\/div>\n<div class=\"flex_column av_one_fifth  flex_column_div av-zero-column-padding   avia-builder-el-4  el_after_av_three_fifth  el_before_av_one_fifth  \" style='border-radius:0px; '><\/div>\n<div class=\"flex_column av_one_fifth  flex_column_div av-zero-column-padding first  avia-builder-el-5  el_after_av_one_fifth  el_before_av_three_fifth  column-top-margin\" style='border-radius:0px; '><\/div>\n<div class=\"flex_column av_three_fifth  flex_column_div av-zero-column-padding   avia-builder-el-6  el_after_av_one_fifth  el_before_av_one_fifth  column-top-margin\" style='border-radius:0px; '><section class=\"av_textblock_section \"  itemscope=\"itemscope\" itemtype=\"https:\/\/schema.org\/CreativeWork\" ><div class='avia_textblock  '   itemprop=\"text\" ><p>Tyylik\u00e4s kokous- ja juhlatila historiallisessa milj\u00f6\u00f6ss\u00e4 l\u00e4hell\u00e4 Turun ydinkeskustaa!<\/p>\n<p>Turun Taidehalli sijaitsee vuonna 1736 rakennetussa kiinteist\u00f6ss\u00e4 Turun vanhankaupungin syd\u00e4mess\u00e4. Uudessa visuaalisten taiteiden keskuksessa n\u00e4hd\u00e4\u00e4n laadukkaita nykytaiteen n\u00e4yttelyit\u00e4 sek\u00e4 j\u00e4rjestet\u00e4\u00e4n ty\u00f6pajoja ja tapahtumia. Taidehallin kolmannen kerroksen sali soveltuu erinomaisesti erilaisten juhlien, cocktail- ja yritystilaisuuksien sek\u00e4 tapahtumien j\u00e4rjest\u00e4miseen. Tilat soveltuvat my\u00f6s kokous- ja seminaarik\u00e4ytt\u00f6\u00f6n. Tule j\u00e4rjest\u00e4m\u00e4\u00e4n juhlasi tai tapahtumasi persoonallisiin tiloihin taiteen \u00e4\u00e4relle!<\/p>\n<p>177 neli\u00f6metrin tapahtumasalissa on p\u00f6yd\u00e4t ja tuolit 150 hengelle. Voit valita haluamasi p\u00f6yt\u00e4j\u00e4rjestyksen <a href=\"https:\/\/turuntaidehalli.fi\/wp-content\/uploads\/2019\/06\/TurunTaidehalli_Juhlasali_seatsetting.pdf\">17 eri vaihtoehdosta<\/a> tai piirt\u00e4\u00e4 omasi. Turun Taidehallissa voit j\u00e4rjest\u00e4\u00e4 tarjoilun haluamallasi tavalla, sill\u00e4 saliin voi tuoda omat ruoat ja juomat. Kysele, niin l\u00e4het\u00e4mme listan suosittelemistamme catering-palveluista Turussa! Vinkkaamme mielell\u00e4mme my\u00f6s b\u00e4ndeist\u00e4, tiskijukista ja valokuvaajista.<\/p>\n<p>Vuokraajan k\u00e4yt\u00f6ss\u00e4 oleva keitti\u00f6 sijaitsee talon toisessa kerroksessa. Keitti\u00f6\u00f6n p\u00e4\u00e4see hissill\u00e4. Hyvin varustellussa kompaktissa keitti\u00f6ss\u00e4 on kaksi isoa j\u00e4\u00e4kaappia, uuni ja keittolevy, astianpesukone, kahvin- ja vedenkeitin sek\u00e4 mikroaaltouuni. My\u00f6s juhlatilan yhteydest\u00e4 l\u00f6ytyy kaksi j\u00e4\u00e4kaappia. Astioita ja p\u00f6yt\u00e4liinoja ei ole kauttamme saatavissa. Vuokraajan k\u00e4yt\u00f6ss\u00e4 on my\u00f6s kaksi aulaan sijoitettua naulakkoa (yht. 160 koukkua). Turun Taidehalliin juhlasaliin on esteet\u00f6n p\u00e4\u00e4sy takaoven kautta.<\/p>\n<p>Juhlasalissa on k\u00e4ytett\u00e4viss\u00e4 videoprojektori, kevyt \u00e4\u00e4nentoisto, puhemikrofoni, valkokangas ja WLAN. Mik\u00e4li tilaisuuteen halutaan el\u00e4v\u00e4\u00e4 musiikkia tai tiskijukka, suosittelemme tuomaan paikalle omat PA-laitteet. Salin valaistus on himmennett\u00e4v\u00e4 ja esiintymisalueella\/tanssilattialla on spottivalot.<br \/>\nTilaan p\u00e4\u00e4see tutustumaan Turun Taidehallin aukioloaikoina ke\u2013su klo 12\u201318, mik\u00e4li salissa ei ole toista tilaisuutta. Varaukset n\u00e4kyv\u00e4t reaaliaikaisesti Kokoustila.fi -varauskalenterista.<\/p>\n<p>Yleishy\u00f6dyllisen\u00a0yhdistyksen j\u00e4rjest\u00e4miinn tapahtumiin my\u00f6nnet\u00e4\u00e4n alennus vuokraan, kysele alennuskoodia ennen varauksen tekemist\u00e4.<\/p>\n<h4>Lis\u00e4tiedot ja yhteydenotot:<\/h4>\n<p>Juhlasalin palvelut, hinnat ja varattavissa olevat ajat n\u00e4kyv\u00e4t varausj\u00e4rjestelm\u00e4ss\u00e4 Kokoustila.fi (linkki alla), jossa voit my\u00f6s tehd\u00e4 ja maksaa varauksesi.<\/p>\n<p>Mik\u00e4li haluamasi aika ei n\u00e4y varausj\u00e4rjestelm\u00e4ss\u00e4, haluat kysell\u00e4 r\u00e4\u00e4t\u00e4l\u00f6idyst\u00e4 vuokrapaketista tai sinulla her\u00e4\u00e4 muita kysymyksi\u00e4, voit ottaa yhteytt\u00e4 puhelimitse tai s\u00e4hk\u00f6postitse:<\/p>\n<p>Pauliina Timoska<br \/>\npuh. 044 3783771<br \/>\nvaraukset@turuntaidehalli.fi<\/p>\n<p><a href=\"https:\/\/turuntaidehalli.fi\/wp-content\/uploads\/2019\/06\/TurunTaidehalli_Juhlasali_seatsetting.pdf\" target=\"_blank\" rel=\"noopener noreferrer\">Valikoima juhlasalin p\u00f6yt\u00e4j\u00e4rjestyksi\u00e4 (PDF)<\/a><\/p>\n<p>Valokuvat: Vesa Aaltonen, Maria Kiraly, Julius T\u00f6yryl\u00e4<\/p>\n<p><iframe src=\"https:\/\/www.kokoustila.fi\/publicmodules\/publiccalendarmedium\/turun-taidehalli\" name=\"Varauskalenteri\" width=\"600\" height=\"540\" frameborder=\"0\" marginwidth=\"0\" marginheight=\"0\" scrolling=\"no\" align=\"left\"><\/iframe><\/p>\n<\/div><\/section><\/div><div class=\"flex_column av_one_fifth  flex_column_div av-zero-column-padding   avia-builder-el-8  el_after_av_three_fifth  avia-builder-el-last  column-top-margin\" style='border-radius:0px; '><\/div><\/p>\n","protected":false},"excerpt":{"rendered":"","protected":false},"author":1,"featured_media":0,"parent":0,"menu_order":0,"comment_status":"closed","ping_status":"closed","template":"","meta":{"spay_email":""},"jetpack_shortlink":"https:\/\/wp.me\/PaOqsS-v3","_links":{"self":[{"href":"https:\/\/turuntaidehalli.fi\/en\/wp-json\/wp\/v2\/pages\/1925"}],"collection":[{"href":"https:\/\/turuntaidehalli.fi\/en\/wp-json\/wp\/v2\/pages"}],"about":[{"href":"https:\/\/turuntaidehalli.fi\/en\/wp-json\/wp\/v2\/types\/page"}],"author":[{"embeddable":true,"href":"https:\/\/turuntaidehalli.fi\/en\/wp-json\/wp\/v2\/users\/1"}],"replies":[{"embeddable":true,"href":"https:\/\/turuntaidehalli.fi\/en\/wp-json\/wp\/v2\/comments?post=1925"}],"version-history":[{"count":10,"href":"https:\/\/turuntaidehalli.fi\/en\/wp-json\/wp\/v2\/pages\/1925\/revisions"}],"predecessor-version":[{"id":2535,"href":"https:\/\/turuntaidehalli.fi\/en\/wp-json\/wp\/v2\/pages\/1925\/revisions\/2535"}],"wp:attachment":[{"href":"https:\/\/turuntaidehalli.fi\/en\/wp-json\/wp\/v2\/media?parent=1925"}],"curies":[{"name":"wp","href":"https:\/\/api.w.org\/{rel}","templated":true}]}}