{"id":19481,"date":"2026-05-05T13:23:56","date_gmt":"2026-05-05T10:23:56","guid":{"rendered":"https:\/\/turuntaidehalli.fi\/sivusto-poistuu-kaytosta\/"},"modified":"2026-05-05T13:34:21","modified_gmt":"2026-05-05T10:34:21","slug":"sivusto-poistuu-kaytosta","status":"publish","type":"page","link":"https:\/\/turuntaidehalli.fi\/en\/sivusto-poistuu-kaytosta\/","title":{"rendered":"Sivusto poistuu k\u00e4yt\u00f6st\u00e4"},"content":{"rendered":"<h2 style=\"text-align: center;\">The Kunsthalle Turku website has been discontinued.<\/h2>\n<p>&nbsp;<\/p>\n<p style=\"text-align: center;\"><strong>Here are links to the building\u2019s resident organisations\u2019 own websites:<\/strong><\/p>\n<h2 style=\"text-align: center;\"><span style=\"color: #000080;\"><a style=\"color: #000080;\" href=\"https:\/\/turunraatihuone.fi\/\" target=\"_blank\" rel=\"noopener\">Juhlatila Turun Raatihuone<\/a><\/span><\/h2>\n<h2 style=\"text-align: center;\"><span style=\"color: #000080;\"><a style=\"color: #000080;\" href=\"https:\/\/www.turuntaidelainaamo.fi\/\" target=\"_blank\" rel=\"noopener\">Turku Artotheque<\/a><\/span><\/h2>\n<h2 style=\"text-align: center;\"><span style=\"color: #000080;\"><a style=\"color: #000080;\" href=\"https:\/\/turuntaiteilijaseura.fi\/\" target=\"_blank\" rel=\"noopener\">Turku Artists&#8217; Association<\/a><\/span><\/h2>\n<h2 style=\"text-align: center;\"><a href=\"https:\/\/valokuvakeskusperi.fi\/\" target=\"_blank\" rel=\"noopener\"><span style=\"color: #000080;\">Photographic Centre Peri<\/span><\/a><\/h2>\n<p>&nbsp;<\/p>\n<p style=\"text-align: center;\">This page is temporary and will be removed on 31 May 2026.<\/p>\n","protected":false},"excerpt":{"rendered":"<p>The Kunsthalle Turku website has been discontinued. &nbsp; Here are links to the building\u2019s resident organisations\u2019 own websites: Juhlatila Turun Raatihuone Turku Artotheque Turku Artists&#8217; Association Photographic Centre Peri &nbsp; This page is temporary and will be removed on 31 May 2026.<\/p>\n","protected":false},"author":5,"featured_media":0,"parent":0,"menu_order":0,"comment_status":"closed","ping_status":"closed","template":"template-blank.php","meta":{"spay_email":""},"jetpack_shortlink":"https:\/\/wp.me\/PaOqsS-54d","_links":{"self":[{"href":"https:\/\/turuntaidehalli.fi\/en\/wp-json\/wp\/v2\/pages\/19481"}],"collection":[{"href":"https:\/\/turuntaidehalli.fi\/en\/wp-json\/wp\/v2\/pages"}],"about":[{"href":"https:\/\/turuntaidehalli.fi\/en\/wp-json\/wp\/v2\/types\/page"}],"author":[{"embeddable":true,"href":"https:\/\/turuntaidehalli.fi\/en\/wp-json\/wp\/v2\/users\/5"}],"replies":[{"embeddable":true,"href":"https:\/\/turuntaidehalli.fi\/en\/wp-json\/wp\/v2\/comments?post=19481"}],"version-history":[{"count":2,"href":"https:\/\/turuntaidehalli.fi\/en\/wp-json\/wp\/v2\/pages\/19481\/revisions"}],"predecessor-version":[{"id":19483,"href":"https:\/\/turuntaidehalli.fi\/en\/wp-json\/wp\/v2\/pages\/19481\/revisions\/19483"}],"wp:attachment":[{"href":"https:\/\/turuntaidehalli.fi\/en\/wp-json\/wp\/v2\/media?parent=19481"}],"curies":[{"name":"wp","href":"https:\/\/api.w.org\/{rel}","templated":true}]}}