{"id":2105,"date":"2019-12-10T19:24:28","date_gmt":"2019-12-10T17:24:28","guid":{"rendered":"https:\/\/turuntaidehalli.fi\/open-call-2021\/"},"modified":"2019-12-10T19:24:28","modified_gmt":"2019-12-10T17:24:28","slug":"open-call-2021","status":"publish","type":"page","link":"https:\/\/turuntaidehalli.fi\/en\/open-call-2021\/","title":{"rendered":"Open Call 2021"},"content":{"rendered":"<p><strong>Turun Taidehalli etsii n\u00e4yttelyj\u00e4 vuodelle 2021<br \/>\n<\/strong>Turun Taidehallin kolmas avoin n\u00e4yttelyhaku avautuu maanantaina 27.1.2020. \u2028N\u00e4yttelyehdotuksia vuodelle 2021 otetaan vastaan sunnuntaihin 1.3.2020 saakka.<br \/>\nTurun Taidehallin n\u00e4yttelyist\u00e4 vastaavat <a href=\"\/?page_id=55\">Turun Taiteilijaseura ry<\/a> sek\u00e4 <a href=\"https:\/\/turuntaidehalli.fi\/en\/valokuvakeskus-peri\/?lang=en\">Valokuvakeskus Peri ry<\/a> toivovat <a href=\"https:\/\/turuntaidehalli.fi\/en\/nayttelyt\/\">n\u00e4yttelyohjelmistoon<\/a> erityisesti uusia nykytaiteen ja valokuvataiteen tuotantoja, joita ei ole aiemmin ollut Turussa esill\u00e4. Haku on avoin kaikille ammattimaisesti toimiville kuva-, valokuva- ja mediataiteen tekij\u00f6ille. Kiinnostavina n\u00e4hd\u00e4\u00e4n niin perinteiset kuvataide- ja valokuvataiden\u00e4yttelyt kuin monitaiteelliset ja taiteen rajoja ylitt\u00e4v\u00e4t teoskokonaisuudetkin. Hakemuksen voi l\u00e4hett\u00e4\u00e4 my\u00f6s ty\u00f6ryhm\u00e4n\u00e4. Lis\u00e4ksi kuraattorit voivat hakea n\u00e4yttelyaikaa valmiilla n\u00e4yttelykonseptilla.<\/p>\n<p>Toivomme hakijan ehdottavan n\u00e4yttelyn yhteyteen osallistavaa ja vaihtoehtoista ohjelmaa. Ohjelma voi olla esimerkiksi ty\u00f6paja, esitys, keskustelutilaisuus, kohtaamispaikka, screening, tai yhteisty\u00f6ss\u00e4 Taidehallin kanssa toteutettava, kutsutun asiantuntijan kirjoittama \u201cN\u00e4k\u00f6kulma n\u00e4yttelyyn\u201d -artikkeli. Ohjelmasta maksetaan toteuttajalle p\u00e4iv\u00e4rahaa tai ty\u00f6korvausta.<\/p>\n<p><strong>Avoimen haun n\u00e4yttelyjaksot vuonna 2021 ovat:<\/strong><br \/>\n8.1.-7.2. avoinnaolop\u00e4ivi\u00e4 23<br \/>\n12.1.-14.3 p\u00e4ivi\u00e4 23<br \/>\n19.3.-25.4. p\u00e4\u00e4si\u00e4isen ajan 2.-5.4. Taihdehalli kiinni, p\u00e4ivi\u00e4 24<br \/>\n7.5.-6.6. Helatorstai 13.5. ja Helluntaip\u00e4iv\u00e4 23.5. kiinni, p\u00e4ivi\u00e4 21<br \/>\n11.6.-11.7. Juhannus 25.-26.6. kiinni, p\u00e4ivi\u00e4 21<br \/>\n16.7.-15.8. p\u00e4ivi\u00e4 23<br \/>\n20.8.-19.9. p\u00e4ivi\u00e4 23<br \/>\n24.9.-24.10. p\u00e4ivi\u00e4 24<br \/>\n29.10.-28.11. pyh\u00e4inp\u00e4iv\u00e4 6.11. kiinni, p\u00e4ivi\u00e4 22<br \/>\n3.12.-9.1.2022, joulupyh\u00e4t 24.-26.12. \u00a0ja loppiainen 6.1. kiinni, p\u00e4ivi\u00e4 23<\/p>\n<p>TILAT<br \/>\nTaidehalli sijaitsee Turun keskustassa Vanhan Raatihuoneen talossa, Vanhan Suurtorin laidalla. Avoimella haulla etsit\u00e4\u00e4n n\u00e4yttelyj\u00e4 kahteen Turun Taidehallin galleriaan, jotka molemmat sijaitsevat rakennuksen toisessa kerroksessa. N\u00e4yttelyj\u00e4 voi ehdottaa molempiin tai vain toiseen tilaan.\u00a0<a href=\"https:\/\/turuntaidehalli.fi\/wp-content\/uploads\/2019\/12\/TurunTaidehalli_NAYTTELYTILAT_EXHIBITION_SPACES_2021.pdf\" target=\"_blank\" rel=\"noopener noreferrer\">N\u00e4yttelytilojen pohjapiirrokset (pdf).<\/a><\/p>\n<p>N\u00c4YTTELYTILA 1 Iso Galleria<br \/>\n2. krs, 52+20+40=112 m2 \u2028Iso galleria koostuu suorakaiteen muotoisesta tilasta, jonka toista pitk\u00e4\u00e4 sein\u00e4\u00e4 hallitsee Vanhalle Suurtorille avautuvien ikkunoiden rivi; tilassa on runsaasti luonnonvaloa. Galleriassa on perinteisest\u00e4 n\u00e4yttelytilasta poikkeavia elementtej\u00e4, mm. leve\u00e4t harmaat lankkulattiat, ikkunat ja kaakeliuuni. Tila soveltuu niin kaksiulotteisten sein\u00e4lle ripustettavien teosten, kuin erilaisten installaatioiden esitt\u00e4miseen. Katossa on galleriatasoiset spottivalaisimet.<\/p>\n<div id=\"attachment_1107\" style=\"width: 1040px\" class=\"wp-caption alignnone\"><a href=\"\/?p=1107\" rel=\"attachment wp-att-1107\"><img aria-describedby=\"caption-attachment-1107\" loading=\"lazy\" class=\"wp-image-1107 size-large\" src=\"https:\/\/turuntaidehalli.fi\/wp-content\/uploads\/2019\/07\/faf-doc-yleis-1030x687.jpg\" alt=\"\" width=\"1030\" height=\"687\" srcset=\"https:\/\/turuntaidehalli.fi\/wp-content\/uploads\/2019\/07\/faf-doc-yleis-1030x687.jpg 1030w, https:\/\/turuntaidehalli.fi\/wp-content\/uploads\/2019\/07\/faf-doc-yleis-300x200.jpg 300w, https:\/\/turuntaidehalli.fi\/wp-content\/uploads\/2019\/07\/faf-doc-yleis-768x512.jpg 768w, https:\/\/turuntaidehalli.fi\/wp-content\/uploads\/2019\/07\/faf-doc-yleis-1500x1000.jpg 1500w, https:\/\/turuntaidehalli.fi\/wp-content\/uploads\/2019\/07\/faf-doc-yleis-705x470.jpg 705w, https:\/\/turuntaidehalli.fi\/wp-content\/uploads\/2019\/07\/faf-doc-yleis-450x300.jpg 450w\" sizes=\"(max-width: 1030px) 100vw, 1030px\" \/><\/a><p id=\"caption-attachment-1107\" class=\"wp-caption-text\">Isoa galleriaa<\/p><\/div>\n<p>N\u00c4YTTELYTILA 2 Pieni Galleria<br \/>\n2. krs, 27 m2, pimennett\u00e4v\u00e4\u2028. Valkoinen kuutio -tyyppisess\u00e4 galleriassa on ripustussein\u00e4t, leve\u00e4t vaaleanharmaat lankkulattiat ja kaksi ikkunaa sis\u00e4pihalle p\u00e4in. Tila soveltuu niin kaksiulotteisten sein\u00e4lle ripustettavien teosten kuin erilaisten installaatioiden esitt\u00e4miseen. Tilan voi piment\u00e4\u00e4 esim. screening-teoksien esitt\u00e4mist\u00e4 varten. Galleria sijaitsee isomman galleriatilan vieress\u00e4 ja tilaan kuljetaan suoraan porrask\u00e4yt\u00e4v\u00e4st\u00e4. Katossa on galleriatasoiset spottivalaisimet.<\/p>\n<div id=\"attachment_1104\" style=\"width: 1040px\" class=\"wp-caption alignnone\"><a href=\"\/?p=1104\" rel=\"attachment wp-att-1104\"><img aria-describedby=\"caption-attachment-1104\" loading=\"lazy\" class=\"wp-image-1104 size-large\" src=\"https:\/\/turuntaidehalli.fi\/wp-content\/uploads\/2019\/07\/lyj4BPS-jussi_virkkumaa-1030x450.jpg\" alt=\"\" width=\"1030\" height=\"450\" srcset=\"https:\/\/turuntaidehalli.fi\/wp-content\/uploads\/2019\/07\/lyj4BPS-jussi_virkkumaa-1030x450.jpg 1030w, https:\/\/turuntaidehalli.fi\/wp-content\/uploads\/2019\/07\/lyj4BPS-jussi_virkkumaa-300x131.jpg 300w, https:\/\/turuntaidehalli.fi\/wp-content\/uploads\/2019\/07\/lyj4BPS-jussi_virkkumaa-768x335.jpg 768w, https:\/\/turuntaidehalli.fi\/wp-content\/uploads\/2019\/07\/lyj4BPS-jussi_virkkumaa-1500x655.jpg 1500w, https:\/\/turuntaidehalli.fi\/wp-content\/uploads\/2019\/07\/lyj4BPS-jussi_virkkumaa-705x308.jpg 705w, https:\/\/turuntaidehalli.fi\/wp-content\/uploads\/2019\/07\/lyj4BPS-jussi_virkkumaa-450x196.jpg 450w, https:\/\/turuntaidehalli.fi\/wp-content\/uploads\/2019\/07\/lyj4BPS-jussi_virkkumaa.jpg 2048w\" sizes=\"(max-width: 1030px) 100vw, 1030px\" \/><\/a><p id=\"caption-attachment-1104\" class=\"wp-caption-text\">Pieni galleria. Lattia maalataan helmikuussa 2020 vaaleanharmaaksi, vastaavan v\u00e4riseksi, kuin Isossa galleriassa.<\/p><\/div>\n<p>PALVELUT JA TEKNIIKKA<br \/>\nTurun Taidehallin gallerioiden n\u00e4yttelyt ja n\u00e4yttelyihin liittyv\u00e4t j\u00e4rjestelykulut ovat taiteilijoille maksuttomia. Osallistavasta oheisohjelmasta maksetaan taiteilijoille ty\u00f6korvausta sopimuksen mukaan.<\/p>\n<p>N\u00e4yttelyjaksot ovat nelj\u00e4n viikon pituiset. Avajaiset pidet\u00e4\u00e4n p\u00e4\u00e4s\u00e4\u00e4nt\u00f6isesti n\u00e4yttelyn ensimm\u00e4ist\u00e4 aukiolop\u00e4iv\u00e4\u00e4 edelt\u00e4v\u00e4n\u00e4 torstaina. N\u00e4yttelyn asettaja vastaa teosten ripustuksesta, kuljetuksesta, kuljetus- ja n\u00e4yttelyvakuutuksesta sek\u00e4 omista matkakuluistaan.<\/p>\n<p>N\u00e4yttelysopimukseen sis\u00e4ltyv\u00e4t seuraavat palvelut:<br \/>\n\u2022 N\u00e4yttelytilan vuokra ja valvonta n\u00e4yttelyjakson aikana<br \/>\n\u2022 N\u00e4yttelyjulisteen taitto, painatus ja jakelu Turussa<br \/>\n\u2022 N\u00e4yttelytekstin ja teosluettelon oikoluku sek\u00e4 k\u00e4\u00e4nn\u00f6sty\u00f6t ruotsiksi ja englanniksi<br \/>\n\u2022 Lehdist\u00f6tiedotteen ja s\u00e4hk\u00f6isen kutsun l\u00e4hett\u00e4minen Taidehallin tiedotuslistoille<br \/>\n\u2022 Tiedottaminen Taidehallin verkkosivuilla, erillisiss\u00e4 tapahtumakalentereissa ja sosiaalisessa mediassa<br \/>\n\u2022 Henkil\u00f6kunnan tuki n\u00e4yttelyn ripustus- ja purkup\u00e4ivin\u00e4<br \/>\n\u2022 K\u00e4vij\u00e4m\u00e4\u00e4r\u00e4n ja median seuranta, n\u00e4yttelyn dokumentointi<br \/>\n\u2022 Lehdist\u00f6kontaktit, avajaisten j\u00e4rjestely ja tarjoilu<br \/>\n\u2022 Teosv\u00e4litys ja n\u00e4yttelyn oheismateriaalin v\u00e4litysmyynti (30 % provisio)<\/p>\n<p>Taiteilijoiden k\u00e4ytt\u00f6\u00f6n tarjotaan Taidehallin omistuksessa olevaa teknist\u00e4 laitteistoa ilman erillist\u00e4 korvausta. Mik\u00e4li tarvittavaa laitteistoa ei Taidehallin valikoimasta l\u00f6ydy, vastaa sen hankinnasta ja kustannuksista taiteilija. Taiteilija vastaa n\u00e4yttelyn toteutuksesta ja hoitaa laitteiden installointiin tarvittavan teknisen tuen.<\/p>\n<p><a href=\"https:\/\/turuntaidehalli.fi\/en\/open-call-2021\/open-call2021-2\/?lang=en\" rel=\"attachment wp-att-2098\"><img loading=\"lazy\" class=\"alignnone wp-image-2098 size-full\" src=\"https:\/\/turuntaidehalli.fi\/wp-content\/uploads\/2019\/12\/open-call2021.jpg\" alt=\"\" width=\"800\" height=\"564\" srcset=\"https:\/\/turuntaidehalli.fi\/wp-content\/uploads\/2019\/12\/open-call2021.jpg 800w, https:\/\/turuntaidehalli.fi\/wp-content\/uploads\/2019\/12\/open-call2021-300x212.jpg 300w, https:\/\/turuntaidehalli.fi\/wp-content\/uploads\/2019\/12\/open-call2021-768x541.jpg 768w, https:\/\/turuntaidehalli.fi\/wp-content\/uploads\/2019\/12\/open-call2021-705x497.jpg 705w, https:\/\/turuntaidehalli.fi\/wp-content\/uploads\/2019\/12\/open-call2021-450x317.jpg 450w\" sizes=\"(max-width: 800px) 100vw, 800px\" \/><\/a><\/p>\n<blockquote><p><strong>Haku tapahtuu s\u00e4hk\u00f6isesti. <a href=\"\/?page_id=2039\" target=\"_blank\" rel=\"noopener noreferrer\">T\u00e4yt\u00e4 hakulomake t\u00e4st\u00e4<\/a> ja \u00a0liit\u00e4 siihen CV (PDF-tiedostona) sek\u00e4 vapaamuotoinen n\u00e4yttelyhakemus-PDF<\/strong>, johon on sis\u00e4llytett\u00e4v\u00e4 seuraavat osat:<br \/>\n\u2022 n\u00e4yttelysuunnitelma (n\u00e4yttelyn nimi, lis\u00e4tietoa teosten koosta ja tuotannosta) sis\u00e4lt\u00e4en mahdolliset oheisohjelmaehdotukset<br \/>\n\u2022 selvent\u00e4v\u00e4\u00e4 kuvamateriaalia (5\u201310 .jpg-kuvatiedostoa) n\u00e4yttelyteoksista tai aiemmasta tuotannosta; mediataiteesta linkki esim. Vimeoon.<\/p>\n<p><strong>L\u00e4het\u00e4 hakemus sunnuntaihin 1.3.2020 klo 23:59 menness\u00e4.<\/strong><\/p><\/blockquote>\n<p>Hakemuksia toivotaan ensisijaisesti s\u00e4hk\u00f6isesti, vaihtoehtoisesti my\u00f6s paperisina; vastaa hakulomakkeen kysymyksiin ja l\u00e4het\u00e4 ne tulostettuna n\u00e4yttelyhakemuksen sek\u00e4 CV:n kera osoitteeseen Turun Taidehalli, Vanha Suurtori 5, Turku. Voit my\u00f6s toimittaa hakemuksen liitteineen henkil\u00f6kohtaisesti taidehallille aukioloaikoina. Hakemusten tulee olla perill\u00e4 sunnuntaihin 1.3.2020 klo 23:59 menness\u00e4. Mik\u00e4li haluat, ett\u00e4 liitteet palautetaan, laita paperiseen hakemukseen mukaan my\u00f6s postimerkeill\u00e4 varustettu palautuskuori.<\/p>\n<p>Turun Taidehallin n\u00e4yttelytoimikunta koostuu Valokuvakeskus Perin ja Turun Taiteilijaseuran j\u00e4senist\u00e4. N\u00e4yttelyvalinnat tehd\u00e4\u00e4n maaliskuun 2020 aikana, jonka j\u00e4lkeen kaikille hakijoille ilmoitetaan valinnasta s\u00e4hk\u00f6postitse.<\/p>\n<p>&nbsp;<\/p>\n<p>Turun Taidehalli on visuaalisen taiteen keskus, joka avautui helmikuussa 2019 Turun vanhan kaupungin syd\u00e4meen. Turun Taidehallissa toimii kaksi alueen keskeist\u00e4 taideyhteis\u00f6\u00e4, Turun Taiteilijaseura ry ja Valokuvakeskus Peri ry. Yhdistykset j\u00e4rjest\u00e4v\u00e4t taidehallissa gallerian\u00e4yttelyj\u00e4 ja tapahtumia sek\u00e4 yll\u00e4pit\u00e4v\u00e4t talossa mm. kuvataiteilijoiden yhteist\u00e4 ty\u00f6huonetta, Turun Taidelainaamoa ja valokuva-aiheista kirjastoa. Turun Taidehalli on vilkas kohtaamispaikka ja el\u00e4v\u00e4 keskus luomiselle, taidev\u00e4litykselle, palveluille ja tapahtumille. Taidehalli on avoinna keskiviikosta sunnuntaihin klo 12-18 sek\u00e4 tapahtumien aikana.<\/p>\n<p>Ensimm\u00e4isen toimintavuoden 2019 aikana Turun Taidehallin gallerioissa on n\u00e4hty 24 n\u00e4yttely\u00e4, k\u00e4vij\u00f6it\u00e4 on laskurissa vuodenvaihteessa on 43 000. Taidehallin keskeiset toimintaperiaatteet: taiteilijoiden tukeminen ja v\u00e4litt\u00e4jyyden kehitt\u00e4minen, n\u00e4kyv\u00e4t niin n\u00e4yttelyk\u00e4yt\u00e4nn\u00f6iss\u00e4, kuin Taidehallin monipuolisessa ohjelmassa.<\/p>\n<p>Lis\u00e4tiedot hausta:<br \/>\nn\u00e4yttelykoordinaattori Hilla Tuominen<br \/>\nnayttelyt@turuntaidehalli.fi<br \/>\n040 350 1954 (Turun Taidehallin toimisto)<\/p>\n","protected":false},"excerpt":{"rendered":"<p>Turun Taidehalli etsii n\u00e4yttelyj\u00e4 vuodelle 2021 Turun Taidehallin kolmas avoin n\u00e4yttelyhaku avautuu maanantaina 27.1.2020. \u2028N\u00e4yttelyehdotuksia vuodelle 2021 otetaan vastaan sunnuntaihin 1.3.2020 saakka. Turun Taidehallin n\u00e4yttelyist\u00e4 vastaavat Turun Taiteilijaseura ry sek\u00e4 Valokuvakeskus Peri ry toivovat n\u00e4yttelyohjelmistoon erityisesti uusia nykytaiteen ja valokuvataiteen tuotantoja, joita ei ole aiemmin ollut Turussa esill\u00e4. Haku on avoin kaikille ammattimaisesti toimiville kuva-, [&hellip;]<\/p>\n","protected":false},"author":5,"featured_media":2102,"parent":0,"menu_order":0,"comment_status":"closed","ping_status":"closed","template":"","meta":{"spay_email":""},"jetpack_shortlink":"https:\/\/wp.me\/PaOqsS-xX","_links":{"self":[{"href":"https:\/\/turuntaidehalli.fi\/en\/wp-json\/wp\/v2\/pages\/2105"}],"collection":[{"href":"https:\/\/turuntaidehalli.fi\/en\/wp-json\/wp\/v2\/pages"}],"about":[{"href":"https:\/\/turuntaidehalli.fi\/en\/wp-json\/wp\/v2\/types\/page"}],"author":[{"embeddable":true,"href":"https:\/\/turuntaidehalli.fi\/en\/wp-json\/wp\/v2\/users\/5"}],"replies":[{"embeddable":true,"href":"https:\/\/turuntaidehalli.fi\/en\/wp-json\/wp\/v2\/comments?post=2105"}],"version-history":[{"count":1,"href":"https:\/\/turuntaidehalli.fi\/en\/wp-json\/wp\/v2\/pages\/2105\/revisions"}],"predecessor-version":[{"id":2107,"href":"https:\/\/turuntaidehalli.fi\/en\/wp-json\/wp\/v2\/pages\/2105\/revisions\/2107"}],"wp:featuredmedia":[{"embeddable":true,"href":"https:\/\/turuntaidehalli.fi\/en\/wp-json\/wp\/v2\/media\/2102"}],"wp:attachment":[{"href":"https:\/\/turuntaidehalli.fi\/en\/wp-json\/wp\/v2\/media?parent=2105"}],"curies":[{"name":"wp","href":"https:\/\/api.w.org\/{rel}","templated":true}]}}