{"id":2466,"date":"2019-03-18T08:52:47","date_gmt":"2019-03-18T08:52:47","guid":{"rendered":"https:\/\/turuntaidehalli.fi\/nayttelyt\/"},"modified":"2023-09-01T14:28:55","modified_gmt":"2023-09-01T11:28:55","slug":"nayttelyt","status":"publish","type":"page","link":"https:\/\/turuntaidehalli.fi\/en\/nayttelyt\/","title":{"rendered":"EXHIBITIONS"},"content":{"rendered":"<div class=\"flex_column av_one_fifth  flex_column_div av-zero-column-padding first  avia-builder-el-0  el_before_av_three_fifth  avia-builder-el-first  \" style='border-radius:0px; '><\/div>\n<div class=\"flex_column av_three_fifth  flex_column_div av-zero-column-padding   avia-builder-el-1  el_after_av_one_fifth  el_before_av_one_fifth  \" style='border-radius:0px; '><div  style='padding-bottom:10px; font-size:80px;' class='av-special-heading av-special-heading-h1  blockquote modern-quote modern-centered  avia-builder-el-2  avia-builder-el-no-sibling  av-inherit-size '><h1 class='av-special-heading-tag '  itemprop=\"headline\"  >EXHIBITIONS<\/h1><div class='special-heading-border'><div class='special-heading-inner-border' ><\/div><\/div><\/div><\/div>\n<div class=\"flex_column av_one_fifth  flex_column_div av-zero-column-padding   avia-builder-el-3  el_after_av_three_fifth  el_before_av_one_full  \" style='border-radius:0px; '><\/div>\n<div class=\"flex_column av_one_full  flex_column_div av-zero-column-padding first  avia-builder-el-4  el_after_av_one_fifth  el_before_av_one_full  column-top-margin\" style='border-radius:0px; '><section class=\"av_textblock_section \"  itemscope=\"itemscope\" itemtype=\"https:\/\/schema.org\/CreativeWork\" ><div class='avia_textblock  '   itemprop=\"text\" ><h2 style=\"text-align: center;\">Current exhibitions<\/h2>\n<\/div><\/section><br \/>\n<div  style='height:20px' class='hr hr-invisible   avia-builder-el-6  el_after_av_textblock  el_before_av_masonry_entries  avia-builder-el-last '><span class='hr-inner ' ><span class='hr-inner-style'><\/span><\/span><\/div><br \/>\n<div id='av-masonry-1' class='av-masonry nayttely-listaus noHover av-fixed-size av-large-gap av-hover-overlay-bluronhover av-masonry-animation-active av-masonry-col-3 av-caption-always av-caption-style-    '  ><div class='av-masonry-container isotope av-js-disabled ' ><div class='av-masonry-entry isotope-item av-masonry-item-no-image '><\/div><a href=\"https:\/\/turuntaidehalli.fi\/en\/iso-gallerian-tulevat-nayttelyt-osoitteessa-www-turuntaiteilijaseura-fi\/\"  id='av-masonry-1-item-19433' data-av-masonry-item='19433' class='av-masonry-entry isotope-item post-19433 post type-post status-publish format-standard has-post-thumbnail hentry category-ajankohtaista-en category-nykyiset-nayttelyt-en category-tulevat-nayttelyt-en  av-masonry-item-with-image' title=\"Turun Taiteilijaseura ry\"  itemscope=\"itemscope\" itemtype=\"https:\/\/schema.org\/CreativeWork\" ><div class='av-inner-masonry-sizer'><\/div><figure class='av-inner-masonry main_color'><div class=\"av-masonry-outerimage-container\"><div class=\"av-masonry-image-container\" style=\"background-image: url(https:\/\/turuntaidehalli.fi\/wp-content\/uploads\/2026\/01\/Nimeton-malli-705x499.png);\" title=\"Turun Taiteilijaseura ry\" ><\/div><\/div><figcaption class='av-inner-masonry-content site-background'><div class='av-inner-masonry-content-pos'><div class='av-inner-masonry-content-pos-content'><div class='avia-arrow'><\/div><h3 class='av-masonry-entry-title entry-title '  itemprop=\"headline\" >Iso Gallerian tulevat n\u00e4yttelyt osoitteessa www.turuntaiteilijaseura.fi<\/h3><span class='av-masonry-date meta-color updated'>21.1.2026<\/span><span class=\"av-masonry-text-sep text-sep-author\">\/<\/span><span class='av-masonry-author meta-color author'><span class='fn'>by Turuntaiteilijaseura<\/span><\/span><\/div><\/div><\/figcaption><\/figure><\/a><!--end av-masonry entry--><a href=\"https:\/\/turuntaidehalli.fi\/en\/karun-verma-the-dreaded-youth-20-2-22-3-2026\/\"  id='av-masonry-1-item-19457' data-av-masonry-item='19457' class='av-masonry-entry isotope-item post-19457 post type-post status-publish format-standard has-post-thumbnail hentry category-tulevat-nayttelyt-en category-nykyiset-nayttelyt-en category-ajankohtaista-en  av-masonry-item-with-image' title=\"Karun Verma_Pel\u00e4tyt nuoret 1_2022\"  itemscope=\"itemscope\" itemtype=\"https:\/\/schema.org\/CreativeWork\" ><div class='av-inner-masonry-sizer'><\/div><figure class='av-inner-masonry main_color'><div class=\"av-masonry-outerimage-container\"><div class=\"av-masonry-image-container\" style=\"background-image: url(https:\/\/turuntaidehalli.fi\/wp-content\/uploads\/2026\/02\/Karun-Verma_Pelatyt-nuoret-1_2022-705x470.jpg);\" title=\"Karun Verma_Pel\u00e4tyt nuoret 1_2022\" ><\/div><\/div><figcaption class='av-inner-masonry-content site-background'><div class='av-inner-masonry-content-pos'><div class='av-inner-masonry-content-pos-content'><div class='avia-arrow'><\/div><h3 class='av-masonry-entry-title entry-title '  itemprop=\"headline\" >Karun Verma: The Dreaded Youth 20.2.\u201322.3.2026<\/h3><span class='av-masonry-date meta-color updated'>13.2.2026<\/span><span class=\"av-masonry-text-sep text-sep-author\">\/<\/span><span class='av-masonry-author meta-color author'><span class='fn'>by Info<\/span><\/span><\/div><\/div><\/figcaption><\/figure><\/a><!--end av-masonry entry--><a href=\"https:\/\/turuntaidehalli.fi\/en\/19387\/\"  id='av-masonry-1-item-19387' data-av-masonry-item='19387' class='av-masonry-entry isotope-item post-19387 post type-post status-publish format-standard has-post-thumbnail hentry category-nykyiset-nayttelyt-en  av-masonry-item-with-image' title=\"Taidehalli_2026_1-2_1920x1005px\"  itemscope=\"itemscope\" itemtype=\"https:\/\/schema.org\/CreativeWork\" ><div class='av-inner-masonry-sizer'><\/div><figure class='av-inner-masonry main_color'><div class=\"av-masonry-outerimage-container\"><div class=\"av-masonry-image-container\" style=\"background-image: url(https:\/\/turuntaidehalli.fi\/wp-content\/uploads\/2025\/03\/Taidehalli_2026_1-2_1920x1005px-705x369.png);\" title=\"Taidehalli_2026_1-2_1920x1005px\"  alt=\"Turun Taiteilijaseuran 102. vuosin\u00e4yttely\" ><\/div><\/div><figcaption class='av-inner-masonry-content site-background'><div class='av-inner-masonry-content-pos'><div class='av-inner-masonry-content-pos-content'><div class='avia-arrow'><\/div><h3 class='av-masonry-entry-title entry-title '  itemprop=\"headline\" >Turku Artists\u2019 Association\u2019s 102nd Annual Exhibition \/ Iso Galleria 9.1\u201322.2.2026<\/h3><span class='av-masonry-date meta-color updated'>18.12.2025<\/span><span class=\"av-masonry-text-sep text-sep-author\">\/<\/span><span class='av-masonry-author meta-color author'><span class='fn'>by Turuntaiteilijaseura<\/span><\/span><\/div><\/div><\/figcaption><\/figure><\/a><!--end av-masonry entry--><\/div><\/div><\/p><\/div>\n<div class=\"flex_column av_one_full  flex_column_div av-zero-column-padding first  avia-builder-el-8  el_after_av_one_full  el_before_av_one_full  column-top-margin\" style='border-radius:0px; '><p><div  style='height:50px' class='hr hr-invisible   avia-builder-el-9  el_before_av_textblock  avia-builder-el-first '><span class='hr-inner ' ><span class='hr-inner-style'><\/span><\/span><\/div><br \/>\n<section class=\"av_textblock_section \"  itemscope=\"itemscope\" itemtype=\"https:\/\/schema.org\/CreativeWork\" ><div class='avia_textblock  '   itemprop=\"text\" ><h2 style=\"text-align: center;\">Coming exhibitions<\/h2>\n<\/div><\/section><br \/>\n<div  style='height:20px' class='hr hr-invisible   avia-builder-el-11  el_after_av_textblock  el_before_av_masonry_entries  avia-builder-el-last '><span class='hr-inner ' ><span class='hr-inner-style'><\/span><\/span><\/div><br \/>\n<div id='av-masonry-2' class='av-masonry nayttely-listaus noHover av-fixed-size av-large-gap av-hover-overlay-bluronhover av-masonry-animation-active av-masonry-col-3 av-caption-always av-caption-style-    '  ><div class='av-masonry-container isotope av-js-disabled ' ><div class='av-masonry-entry isotope-item av-masonry-item-no-image '><\/div><a href=\"https:\/\/turuntaidehalli.fi\/en\/12-1-25-2-2024-turku-artists-associations-100th-annual-exhibition-iso-galleria\/\"  id='av-masonry-2-item-17150' data-av-masonry-item='17150' class='av-masonry-entry isotope-item post-17150 post type-post status-publish format-standard has-post-thumbnail hentry category-tulevat-nayttelyt-en  av-masonry-item-with-image' title=\"Taidehalli2023_12_1320x505px\"  itemscope=\"itemscope\" itemtype=\"https:\/\/schema.org\/CreativeWork\" ><div class='av-inner-masonry-sizer'><\/div><figure class='av-inner-masonry main_color'><div class=\"av-masonry-outerimage-container\"><div class=\"av-masonry-image-container\" style=\"background-image: url(https:\/\/turuntaidehalli.fi\/wp-content\/uploads\/2022\/01\/Taidehalli2023_12_1320x505px-705x270.png);\" title=\"Taidehalli2023_12_1320x505px\"  alt=\"N\u00e4yttelun juliste\" ><\/div><\/div><figcaption class='av-inner-masonry-content site-background'><div class='av-inner-masonry-content-pos'><div class='av-inner-masonry-content-pos-content'><div class='avia-arrow'><\/div><h3 class='av-masonry-entry-title entry-title '  itemprop=\"headline\" >12\/01 \u2013 25\/02\/2024 100th Annual Exhibition of Turku Artists&#8217; Association | Iso Galleria<\/h3><span class='av-masonry-date meta-color updated'>3.6.2023<\/span><span class=\"av-masonry-text-sep text-sep-author\">\/<\/span><span class='av-masonry-author meta-color author'><span class='fn'>by Info<\/span><\/span><\/div><\/div><\/figcaption><\/figure><\/a><!--end av-masonry entry--><a href=\"https:\/\/turuntaidehalli.fi\/en\/iso-galleria-exhibition-programme-2025-2026\/\"  id='av-masonry-2-item-17809' data-av-masonry-item='17809' class='av-masonry-entry isotope-item post-17809 post type-post status-publish format-standard has-post-thumbnail hentry category-tulevat-nayttelyt-en category-ajankohtaista-en  av-masonry-item-with-image' title=\"Pauliina M\u00e4kel\u00e4 Hidden Gardens 2023\"  itemscope=\"itemscope\" itemtype=\"https:\/\/schema.org\/CreativeWork\" ><div class='av-inner-masonry-sizer'><\/div><figure class='av-inner-masonry main_color'><div class=\"av-masonry-outerimage-container\"><div class=\"av-masonry-image-container\" style=\"background-image: url(https:\/\/turuntaidehalli.fi\/wp-content\/uploads\/2023\/10\/Pauliina-Makela-Hidden-Gardens-2023-498x705.jpg);\" title=\"Pauliina M\u00e4kel\u00e4 Hidden Gardens 2023\" ><\/div><\/div><figcaption class='av-inner-masonry-content site-background'><div class='av-inner-masonry-content-pos'><div class='av-inner-masonry-content-pos-content'><div class='avia-arrow'><\/div><h3 class='av-masonry-entry-title entry-title '  itemprop=\"headline\" >ISO GALLERIA EXHIBITION PROGRAMME 2025 \u2013 2026<\/h3><span class='av-masonry-date meta-color updated'>26.10.2023<\/span><span class=\"av-masonry-text-sep text-sep-author\">\/<\/span><span class='av-masonry-author meta-color author'><span class='fn'>by Info<\/span><\/span><\/div><\/div><\/figcaption><\/figure><\/a><!--end av-masonry entry--><a href=\"https:\/\/turuntaidehalli.fi\/en\/turku-artists-associations-101st-annual-exhibition-odysseia-iso-galleria-10-1-23-2-2025\/\"  id='av-masonry-2-item-18670' data-av-masonry-item='18670' class='av-masonry-entry isotope-item post-18670 post type-post status-publish format-standard has-post-thumbnail hentry category-tulevat-nayttelyt-en  av-masonry-item-with-image' title=\"Taidehalli2025_1_1320x505px\"  itemscope=\"itemscope\" itemtype=\"https:\/\/schema.org\/CreativeWork\" ><div class='av-inner-masonry-sizer'><\/div><figure class='av-inner-masonry main_color'><div class=\"av-masonry-outerimage-container\"><div class=\"av-masonry-image-container\" style=\"background-image: url(https:\/\/turuntaidehalli.fi\/wp-content\/uploads\/2024\/12\/Taidehalli2025_1_1320x505px-705x270.png);\" title=\"Taidehalli2025_1_1320x505px\" ><\/div><\/div><figcaption class='av-inner-masonry-content site-background'><div class='av-inner-masonry-content-pos'><div class='av-inner-masonry-content-pos-content'><div class='avia-arrow'><\/div><h3 class='av-masonry-entry-title entry-title '  itemprop=\"headline\" >Turku Artists\u2019 Association\u2019s 101st annual exhibition: ODYSSEIA \/ Iso Galleria 10.1.\u2013 23.2.2025<\/h3><span class='av-masonry-date meta-color updated'>18.12.2024<\/span><span class=\"av-masonry-text-sep text-sep-author\">\/<\/span><span class='av-masonry-author meta-color author'><span class='fn'>by Info<\/span><\/span><\/div><\/div><\/figcaption><\/figure><\/a><!--end av-masonry entry--><\/div><\/div><\/p><\/div>\n<div class=\"flex_column av_one_full  flex_column_div av-zero-column-padding first  avia-builder-el-13  el_after_av_one_full  el_before_av_one_full  column-top-margin\" style='border-radius:0px; '><p><div  style='height:50px' class='hr hr-invisible   avia-builder-el-14  el_before_av_textblock  avia-builder-el-first '><span class='hr-inner ' ><span class='hr-inner-style'><\/span><\/span><\/div><br \/>\n<section class=\"av_textblock_section \"  itemscope=\"itemscope\" itemtype=\"https:\/\/schema.org\/CreativeWork\" ><div class='avia_textblock  '   itemprop=\"text\" ><h2 style=\"text-align: center;\">Past exhibitions<\/h2>\n<\/div><\/section><br \/>\n<div  style='height:20px' class='hr hr-invisible   avia-builder-el-16  el_after_av_textblock  el_before_av_masonry_entries  avia-builder-el-last '><span class='hr-inner ' ><span class='hr-inner-style'><\/span><\/span><\/div><br \/>\n<div id='av-masonry-3' class='av-masonry nayttely-listaus noHover av-fixed-size av-large-gap av-hover-overlay-bluronhover av-masonry-animation-active av-masonry-col-4 av-caption-always av-caption-style-    '  ><div class='av-masonry-container isotope av-js-disabled ' ><div class='av-masonry-entry isotope-item av-masonry-item-no-image '><\/div><a href=\"https:\/\/turuntaidehalli.fi\/en\/markku-hakala-mari-kaki-hiidenkirnu-9-1-8-2-2026\/\"  id='av-masonry-3-item-19408' data-av-masonry-item='19408' class='av-masonry-entry isotope-item post-19408 post type-post status-publish format-standard has-post-thumbnail hentry category-menneet-nayttelyt-en  av-masonry-item-with-image' title=\"Markku Hakala_Mari K\u00e4ki_Ehdotuksia_2023\"  itemscope=\"itemscope\" itemtype=\"https:\/\/schema.org\/CreativeWork\" ><div class='av-inner-masonry-sizer'><\/div><figure class='av-inner-masonry main_color'><div class=\"av-masonry-outerimage-container\"><div class=\"av-masonry-image-container\" style=\"background-image: url(https:\/\/turuntaidehalli.fi\/wp-content\/uploads\/2026\/01\/Markku-Hakala_Mari-Kaki_Ehdotuksia_2023-705x529.jpg);\" title=\"Markku Hakala_Mari K\u00e4ki_Ehdotuksia_2023\" ><\/div><\/div><figcaption class='av-inner-masonry-content site-background'><div class='av-inner-masonry-content-pos'><div class='av-inner-masonry-content-pos-content'><div class='avia-arrow'><\/div><h3 class='av-masonry-entry-title entry-title '  itemprop=\"headline\" >Markku Hakala &#038; Mari K\u00e4ki: Giant&#8217;s Kettle 9.1. \u2013 8.2.2026<\/h3><span class='av-masonry-date meta-color updated'>7.1.2026<\/span><span class=\"av-masonry-text-sep text-sep-author\">\/<\/span><span class='av-masonry-author meta-color author'><span class='fn'>by Info<\/span><\/span><\/div><\/div><\/figcaption><\/figure><\/a><!--end av-masonry entry--><a href=\"https:\/\/turuntaidehalli.fi\/en\/done-undone-5-21-12-2025\/\"  id='av-masonry-3-item-19330' data-av-masonry-item='19330' class='av-masonry-entry isotope-item post-19330 post type-post status-publish format-standard has-post-thumbnail hentry category-menneet-nayttelyt-en  av-masonry-item-with-image' title=\"Valmis Kesken kollaasi_vaaka(3) kopio\"  itemscope=\"itemscope\" itemtype=\"https:\/\/schema.org\/CreativeWork\" ><div class='av-inner-masonry-sizer'><\/div><figure class='av-inner-masonry main_color'><div class=\"av-masonry-outerimage-container\"><div class=\"av-masonry-image-container\" style=\"background-image: url(https:\/\/turuntaidehalli.fi\/wp-content\/uploads\/2025\/12\/Valmis-Kesken-kollaasi_vaaka3-kopio-705x346.jpg);\" title=\"Valmis Kesken kollaasi_vaaka(3) kopio\" ><\/div><\/div><figcaption class='av-inner-masonry-content site-background'><div class='av-inner-masonry-content-pos'><div class='av-inner-masonry-content-pos-content'><div class='avia-arrow'><\/div><h3 class='av-masonry-entry-title entry-title '  itemprop=\"headline\" >Done. Undone. 5.\u201321.12.2025<\/h3><span class='av-masonry-date meta-color updated'>3.12.2025<\/span><span class=\"av-masonry-text-sep text-sep-author\">\/<\/span><span class='av-masonry-author meta-color author'><span class='fn'>by Info<\/span><\/span><\/div><\/div><\/figcaption><\/figure><\/a><!--end av-masonry entry--><a href=\"https:\/\/turuntaidehalli.fi\/en\/sateenkaari-koto-ry-aania-monikulttuurisesta-yhteisosta-iso-galleria-12-19-12-2025\/\"  id='av-masonry-3-item-19259' data-av-masonry-item='19259' class='av-masonry-entry isotope-item post-19259 post type-post status-publish format-standard has-post-thumbnail hentry category-menneet-nayttelyt-en  av-masonry-item-with-image' title=\"Fly Fly Butterfly 2024\"  itemscope=\"itemscope\" itemtype=\"https:\/\/schema.org\/CreativeWork\" ><div class='av-inner-masonry-sizer'><\/div><figure class='av-inner-masonry main_color'><div class=\"av-masonry-outerimage-container\"><div class=\"av-masonry-image-container\" style=\"background-image: url(https:\/\/turuntaidehalli.fi\/wp-content\/uploads\/2025\/10\/Fly-Fly-Butterfly-2024-705x577.jpg);\" title=\"Fly Fly Butterfly 2024\" ><\/div><\/div><figcaption class='av-inner-masonry-content site-background'><div class='av-inner-masonry-content-pos'><div class='av-inner-masonry-content-pos-content'><div class='avia-arrow'><\/div><h3 class='av-masonry-entry-title entry-title '  itemprop=\"headline\" >sateenkaari koto ry: \u00e4\u00e4ni\u00e4 monikulttuurisesta yhteis\u00f6st\u00e4 \/ iso galleria dec 12\u2013dec 19, 2025<\/h3><span class='av-masonry-date meta-color updated'>31.10.2025<\/span><span class=\"av-masonry-text-sep text-sep-author\">\/<\/span><span class='av-masonry-author meta-color author'><span class='fn'>by Turuntaiteilijaseura<\/span><\/span><\/div><\/div><\/figcaption><\/figure><\/a><!--end av-masonry entry--><a href=\"https:\/\/turuntaidehalli.fi\/en\/juliana-irene-smith-scaredy-cat-boo-31-10-30-11-2025\/\"  id='av-masonry-3-item-19239' data-av-masonry-item='19239' class='av-masonry-entry isotope-item post-19239 post type-post status-publish format-standard has-post-thumbnail hentry category-menneet-nayttelyt-en category-peri-en tag-free-photography-exhibition-in-turku tag-photographic-centre-peri  av-masonry-item-with-image' title=\"Smith-Juliana-CuntMonument-2025\"  itemscope=\"itemscope\" itemtype=\"https:\/\/schema.org\/CreativeWork\" ><div class='av-inner-masonry-sizer'><\/div><figure class='av-inner-masonry main_color'><div class=\"av-masonry-outerimage-container\"><div class=\"av-masonry-image-container\" style=\"background-image: url(https:\/\/turuntaidehalli.fi\/wp-content\/uploads\/2025\/10\/Smith-Juliana-CuntMonument-2025-559x705.jpg);\" title=\"Smith-Juliana-CuntMonument-2025\" ><\/div><\/div><figcaption class='av-inner-masonry-content site-background'><div class='av-inner-masonry-content-pos'><div class='av-inner-masonry-content-pos-content'><div class='avia-arrow'><\/div><h3 class='av-masonry-entry-title entry-title '  itemprop=\"headline\" >Juliana Irene Smith: Scaredy Cat \u2013 Boo! 31.10. \u2013 30.11. 2025<\/h3><span class='av-masonry-date meta-color updated'>24.10.2025<\/span><span class=\"av-masonry-text-sep text-sep-author\">\/<\/span><span class='av-masonry-author meta-color author'><span class='fn'>by Info<\/span><\/span><\/div><\/div><\/figcaption><\/figure><\/a><!--end av-masonry entry--><\/div><\/div><\/p><\/div>\n<div class=\"flex_column av_one_full  flex_column_div av-zero-column-padding first  avia-builder-el-18  el_after_av_one_full  el_before_av_section  avia-builder-el-last  column-top-margin\" style='border-radius:0px; '><div  style='height:150px' class='hr hr-invisible   avia-builder-el-19  avia-builder-el-no-sibling '><span class='hr-inner ' ><span class='hr-inner-style'><\/span><\/span><\/div><\/div>\n<\/div><\/div><\/div><!-- close content main div --><\/div><\/div><div id='nayttelyohjelma'  class='avia-section main_color avia-section-default avia-no-border-styling  avia-bg-style-scroll  avia-builder-el-20  el_after_av_one_full  avia-builder-el-last   container_wrap fullsize' style=' '  ><div class='container' ><div class='template-page content  av-content-full alpha units'><div class='post-entry post-entry-type-page post-entry-2466'><div class='entry-content-wrapper clearfix'>\n<div class=\"flex_column av_one_fifth  flex_column_div av-zero-column-padding first  avia-builder-el-21  el_before_av_three_fifth  avia-builder-el-first  \" style='border-radius:0px; '><\/div><div class=\"flex_column av_three_fifth  flex_column_div av-zero-column-padding   avia-builder-el-22  el_after_av_one_fifth  el_before_av_one_fifth  \" style='border-radius:0px; '><section class=\"av_textblock_section \"  itemscope=\"itemscope\" itemtype=\"https:\/\/schema.org\/CreativeWork\" ><div class='avia_textblock  '   itemprop=\"text\" ><h2>EXHIBITION PROGRAMME 2023<\/h2>\n<p>ISO GALLERIA<\/p>\n<ul>\n<li>13.1. \u2013 26.2. Turun Taiteilijaseuran 99. vuosin\u00e4yttely<\/li>\n<li>10.3. \u2013 \u00a023.4. NYTT 2023, Turun Taideakatemiasta valmistuvien n\u00e4yttely<\/li>\n<li>5.5. \u2013 23.6. Aaro Murphy<\/li>\n<li>7.7. \u2013 27.8. Jarkko Rantanen<\/li>\n<li>8.9. \u2013 29.10. Inka Nieminen<\/li>\n<li>10.11. \u2013 10.12. Selma Aurora Haro<\/li>\n<li>15.12. \u2013 20.12. Talvinen Taidebasaari<\/li>\n<\/ul>\n<\/div><\/section><\/div><div class=\"flex_column av_one_fifth  flex_column_div av-zero-column-padding   avia-builder-el-24  el_after_av_three_fifth  avia-builder-el-last  \" style='border-radius:0px; '><\/div>\n","protected":false},"excerpt":{"rendered":"","protected":false},"author":1,"featured_media":0,"parent":0,"menu_order":0,"comment_status":"closed","ping_status":"closed","template":"","meta":{"spay_email":""},"jetpack_shortlink":"https:\/\/wp.me\/PaOqsS-DM","_links":{"self":[{"href":"https:\/\/turuntaidehalli.fi\/en\/wp-json\/wp\/v2\/pages\/2466"}],"collection":[{"href":"https:\/\/turuntaidehalli.fi\/en\/wp-json\/wp\/v2\/pages"}],"about":[{"href":"https:\/\/turuntaidehalli.fi\/en\/wp-json\/wp\/v2\/types\/page"}],"author":[{"embeddable":true,"href":"https:\/\/turuntaidehalli.fi\/en\/wp-json\/wp\/v2\/users\/1"}],"replies":[{"embeddable":true,"href":"https:\/\/turuntaidehalli.fi\/en\/wp-json\/wp\/v2\/comments?post=2466"}],"version-history":[{"count":33,"href":"https:\/\/turuntaidehalli.fi\/en\/wp-json\/wp\/v2\/pages\/2466\/revisions"}],"predecessor-version":[{"id":17610,"href":"https:\/\/turuntaidehalli.fi\/en\/wp-json\/wp\/v2\/pages\/2466\/revisions\/17610"}],"wp:attachment":[{"href":"https:\/\/turuntaidehalli.fi\/en\/wp-json\/wp\/v2\/media?parent=2466"}],"curies":[{"name":"wp","href":"https:\/\/api.w.org\/{rel}","templated":true}]}}