{"id":11698,"date":"2021-01-20T14:54:05","date_gmt":"2021-01-20T12:54:05","guid":{"rendered":"https:\/\/turuntaidehalli.fi\/?page_id=11698"},"modified":"2021-01-20T16:31:42","modified_gmt":"2021-01-20T14:31:42","slug":"utstallningskommitte","status":"publish","type":"page","link":"https:\/\/turuntaidehalli.fi\/sv\/utstallningskommitte\/","title":{"rendered":"utst\u00e4llningskommitt\u00e9"},"content":{"rendered":"<div id=\"attachment_11688\" style=\"width: 850px\" class=\"wp-caption alignleft\"><a href=\"https:\/\/turuntaidehalli.fi\/wp-content\/uploads\/2021\/01\/Taiteellinen-tmk-Zoom-kuva_crop.jpg\"><img aria-describedby=\"caption-attachment-11688\" data-attachment-id=\"11688\" data-permalink=\"https:\/\/turuntaidehalli.fi\/sv\/utstallningskommitte\/taiteellinen-tmk-zoom-kuva_crop-2\/\" data-orig-file=\"https:\/\/turuntaidehalli.fi\/wp-content\/uploads\/2021\/01\/Taiteellinen-tmk-Zoom-kuva_crop.jpg\" data-orig-size=\"840,319\" data-comments-opened=\"0\" data-image-meta=\"{&quot;aperture&quot;:&quot;0&quot;,&quot;credit&quot;:&quot;&quot;,&quot;camera&quot;:&quot;&quot;,&quot;caption&quot;:&quot;&quot;,&quot;created_timestamp&quot;:&quot;0&quot;,&quot;copyright&quot;:&quot;&quot;,&quot;focal_length&quot;:&quot;0&quot;,&quot;iso&quot;:&quot;0&quot;,&quot;shutter_speed&quot;:&quot;0&quot;,&quot;title&quot;:&quot;&quot;,&quot;orientation&quot;:&quot;1&quot;}\" data-image-title=\"Taiteellinen tmk Zoom-kuva_crop\" data-image-description=\"\" data-medium-file=\"https:\/\/turuntaidehalli.fi\/wp-content\/uploads\/2021\/01\/Taiteellinen-tmk-Zoom-kuva_crop-300x114.jpg\" data-large-file=\"https:\/\/turuntaidehalli.fi\/wp-content\/uploads\/2021\/01\/Taiteellinen-tmk-Zoom-kuva_crop.jpg\" loading=\"lazy\" class=\"wp-image-11688 size-full\" src=\"https:\/\/turuntaidehalli.fi\/wp-content\/uploads\/2021\/01\/Taiteellinen-tmk-Zoom-kuva_crop.jpg\" alt=\"\" width=\"840\" height=\"319\" srcset=\"https:\/\/turuntaidehalli.fi\/wp-content\/uploads\/2021\/01\/Taiteellinen-tmk-Zoom-kuva_crop.jpg 840w, https:\/\/turuntaidehalli.fi\/wp-content\/uploads\/2021\/01\/Taiteellinen-tmk-Zoom-kuva_crop-300x114.jpg 300w, https:\/\/turuntaidehalli.fi\/wp-content\/uploads\/2021\/01\/Taiteellinen-tmk-Zoom-kuva_crop-768x292.jpg 768w, https:\/\/turuntaidehalli.fi\/wp-content\/uploads\/2021\/01\/Taiteellinen-tmk-Zoom-kuva_crop-705x268.jpg 705w\" sizes=\"(max-width: 840px) 100vw, 840px\" \/><\/a><p id=\"caption-attachment-11688\" class=\"wp-caption-text\">\u00c5bo Konsthalls utst\u00e4llningskommitt\u00e9.<\/p><\/div>\n<p>&nbsp;<\/p>\n<p>&nbsp;<\/p>\n<p>&nbsp;<\/p>\n<p>&nbsp;<\/p>\n<p>&nbsp;<\/p>\n<p>&nbsp;<\/p>\n<p>&nbsp;<\/p>\n<p>&nbsp;<\/p>\n<p>&nbsp;<\/p>\n<p>&nbsp;<\/p>\n<h3><strong>\u00c5BO KONSTHALLS UTST\u00c4LLNINGSKOMMITT\u00c9 PRESENTERAR SIG<\/strong><\/h3>\n<p>&nbsp;<\/p>\n<p>\u00c5bo Konsthalls utst\u00e4llningar v\u00e4ljs av en utst\u00e4llningskommitt\u00e9 som best\u00e5r av Konstn\u00e4rsgillet i \u00c5bos och Fotocentrum Peris medlemmar. I \u00e5r medverkar f\u00f6ljande personer i juryn: Marjatta Holma, Milja-Liina Moilanen, Iiris Rusi, Anni Savolainen, Lydia Toivanainen och Henri Tuominen.<\/p>\n<p>&nbsp;<\/p>\n<p><strong>Marjatta Holma<\/strong> (TTS) bor och arbetar i \u00c5bo. Holma \u00e4r fokuserad i m\u00e5larkonst och har genomf\u00f6rt rumsliga, monumentala och minimalistiska kontinuerliga m\u00e5lningar genom solo- och grupputst\u00e4llningar. Hennes verk faller imellan spontant och konkret konst, och de anger materialens konstruktioner i utrymmet. Holma \u00e4r intrsserad av konst som \u00e4r skapad genom uppriktigt och strikt arbete och s\u00f6kande.<\/p>\n<p>&nbsp;<\/p>\n<p><strong>Milja-Liina Moilanen<\/strong> (Peri) \u00e4r en regis\u00f6r och mediakonstn\u00e4r som arbetar med teman kring Den Andre och social isolering. Hon har utexaminerat som magister i bildkonst fr\u00e5n Bildkonstakademin. F\u00f6r tillf\u00e4llet regiserar Moilanen en l\u00e5ng dokument\u00e4rfilm om relity-televisionens kvinnobild f\u00f6r Tuffi Films. Konst som tar st\u00e4llning och skakar strukturer \u00e4r n\u00e4ra Moilanens hj\u00e4rta.<\/p>\n<p>&nbsp;<\/p>\n<p><strong>Iiris Elena Rusi<\/strong> (TTS) \u00e4r en bildkonstn\u00e4r fr\u00e5n \u00c5bo, i sitt konstn\u00e4rliga arbete forskar hon bland annat moraliska problem, sexulitet, maktrelationer b\u00e5de i samh\u00e4llet och bland individer. F\u00f6r tillf\u00e4llet bearbetar Rusi ber\u00e4ttelser till ett samh\u00e4llsprojekt vars huvudsakliga publikationskanaler \u00e4r sociala medier.<\/p>\n<p>&nbsp;<\/p>\n<p><strong>Anni Savolainen<\/strong> (Peri) \u00e4r en fotograf och medieforskare fr\u00e5n \u00c5bo. F\u00f6r tillf\u00e4llet bearbetar hon en l\u00e5ng dokumentarisk serie om findl\u00e4ndska shamaner. Hon har varit med och forskat om fotografier i sociala medier och 1970-1980 findl\u00e4ndsk television. Ut\u00f6ver det har Savolainen gjort bakgrundsjournalistik till en dokument\u00e4r film och verksamhetsforskning f\u00f6r f\u00f6rverklingandet av en kortfilmserie.<\/p>\n<p>&nbsp;<\/p>\n<p><strong>Lydia Toivanen<\/strong> (Peri) \u00e4r bildkonstn\u00e4r fr\u00e5n \u00c5bo, hon utexaminerades fr\u00e5n Kontsakademins fotograflinje v\u00e5ren 2019 och som bildkonstn\u00e4r fr\u00e5n Saimens Yrkesh\u00f6gskola 2012, skulptering som huvudinriktnig. Toivanens huvudsakliga tekniker \u00e4r fotografi och video och f\u00f6r tillf\u00e4llet bearbetar hon med artisten Johanna Porola en musikvideo f\u00f6r Porolas singel Easy. Tillsammans med Sanna-Liisa Suominen bildar hon ocks\u00e5 SUOMINEN\/TOIVANEN \u2013 videokollektiven vars verk \u00e4r \u201dpoetiskt laddade semidokument\u00e4riska tidsbilder\u201d som baserar sig p\u00e5 telefonens (=kamerans) st\u00e4ndiga n\u00e4rvaro, den maniska observerandet och dokumenterandet.<\/p>\n<p>&nbsp;<\/p>\n<p><strong>Henri Tuominen<\/strong> (TTS) utexaminerades som bildkonstn\u00e4r fr\u00e5n \u00c5bo Konstakademin v\u00e5ren 2019. I sitt konstn\u00e4rliga arbete \u00e4r han i huvudsak fokuserad i m\u00e5landet. Utg\u00e5ngspunkten f\u00f6r Tuominens verk \u00e4r ofta traditionen av portr\u00e4tt som har koppling till samh\u00e4llets maktkonstuktioner och som han forskar kritiskt genom m\u00e5landet. Hans m\u00e5lningar behandlar ofta maktens eller v\u00e5ldets f\u00f6rekommande i samh\u00e4llet, antingen i strukturella eller individuella niv\u00e5n.<\/p>\n<p>&nbsp;<\/p>\n","protected":false},"excerpt":{"rendered":"<p>&nbsp; &nbsp; &nbsp; &nbsp; &nbsp; &nbsp; &nbsp; &nbsp; &nbsp; &nbsp; \u00c5BO KONSTHALLS UTST\u00c4LLNINGSKOMMITT\u00c9 PRESENTERAR SIG &nbsp; \u00c5bo Konsthalls utst\u00e4llningar v\u00e4ljs av en utst\u00e4llningskommitt\u00e9 som best\u00e5r av Konstn\u00e4rsgillet i \u00c5bos och Fotocentrum Peris medlemmar. I \u00e5r medverkar f\u00f6ljande personer i juryn: Marjatta Holma, Milja-Liina Moilanen, Iiris Rusi, Anni Savolainen, Lydia Toivanainen och Henri Tuominen. &nbsp; Marjatta [&hellip;]<\/p>\n","protected":false},"author":5,"featured_media":0,"parent":0,"menu_order":0,"comment_status":"closed","ping_status":"closed","template":"","meta":{"spay_email":""},"jetpack_shortlink":"https:\/\/wp.me\/PaOqsS-32G","_links":{"self":[{"href":"https:\/\/turuntaidehalli.fi\/sv\/wp-json\/wp\/v2\/pages\/11698"}],"collection":[{"href":"https:\/\/turuntaidehalli.fi\/sv\/wp-json\/wp\/v2\/pages"}],"about":[{"href":"https:\/\/turuntaidehalli.fi\/sv\/wp-json\/wp\/v2\/types\/page"}],"author":[{"embeddable":true,"href":"https:\/\/turuntaidehalli.fi\/sv\/wp-json\/wp\/v2\/users\/5"}],"replies":[{"embeddable":true,"href":"https:\/\/turuntaidehalli.fi\/sv\/wp-json\/wp\/v2\/comments?post=11698"}],"version-history":[{"count":11,"href":"https:\/\/turuntaidehalli.fi\/sv\/wp-json\/wp\/v2\/pages\/11698\/revisions"}],"predecessor-version":[{"id":18052,"href":"https:\/\/turuntaidehalli.fi\/sv\/wp-json\/wp\/v2\/pages\/11698\/revisions\/18052"}],"wp:attachment":[{"href":"https:\/\/turuntaidehalli.fi\/sv\/wp-json\/wp\/v2\/media?parent=11698"}],"curies":[{"name":"wp","href":"https:\/\/api.w.org\/{rel}","templated":true}]}}