{"id":19482,"date":"2026-05-05T13:23:56","date_gmt":"2026-05-05T10:23:56","guid":{"rendered":"https:\/\/turuntaidehalli.fi\/sivusto-poistuu-kaytosta\/"},"modified":"2026-05-05T13:39:25","modified_gmt":"2026-05-05T10:39:25","slug":"sivusto-poistuu-kaytosta","status":"publish","type":"page","link":"https:\/\/turuntaidehalli.fi\/sv\/sivusto-poistuu-kaytosta\/","title":{"rendered":"Sivusto poistuu k\u00e4yt\u00f6st\u00e4"},"content":{"rendered":"<h2 style=\"text-align: center;\">Webbplatsen f\u00f6r \u00c5bo Konsthall har tagits ur bruk.<\/h2>\n<p>&nbsp;<\/p>\n<p style=\"text-align: center;\"><strong>H\u00e4r finns l\u00e4nkar till akt\u00f6rernas egna webbplatser:<\/strong><\/p>\n<h2 style=\"text-align: center;\"><span style=\"color: #000080;\"><a style=\"color: #000080;\" href=\"https:\/\/turunraatihuone.fi\/\" target=\"_blank\" rel=\"noopener\">Juhlatila Turun Raatihuone<\/a><\/span><\/h2>\n<h2 style=\"text-align: center;\"><span style=\"color: #000080;\"><a style=\"color: #000080;\" href=\"https:\/\/www.turuntaidelainaamo.fi\/\" target=\"_blank\" rel=\"noopener\">\u00c5bo Artotek<\/a><\/span><\/h2>\n<h2 style=\"text-align: center;\"><span style=\"color: #000080;\"><a style=\"color: #000080;\" href=\"https:\/\/turuntaiteilijaseura.fi\/\" target=\"_blank\" rel=\"noopener\">Konstn\u00e4rsgillet i \u00c5bo<\/a><\/span><\/h2>\n<h2 style=\"text-align: center;\"><a href=\"https:\/\/valokuvakeskusperi.fi\/\" target=\"_blank\" rel=\"noopener\"><span style=\"color: #000080;\">Fotocentrum Peri<\/span><\/a><\/h2>\n<p>&nbsp;<\/p>\n<p style=\"text-align: center;\">Denna sida \u00e4r tillf\u00e4llig och tas bort den 31.5.2026.<\/p>\n","protected":false},"excerpt":{"rendered":"<p>Webbplatsen f\u00f6r \u00c5bo Konsthall har tagits ur bruk. &nbsp; H\u00e4r finns l\u00e4nkar till akt\u00f6rernas egna webbplatser: Juhlatila Turun Raatihuone \u00c5bo Artotek Konstn\u00e4rsgillet i \u00c5bo Fotocentrum Peri &nbsp; Denna sida \u00e4r tillf\u00e4llig och tas bort den 31.5.2026.<\/p>\n","protected":false},"author":5,"featured_media":0,"parent":0,"menu_order":0,"comment_status":"closed","ping_status":"closed","template":"template-blank.php","meta":{"spay_email":""},"jetpack_shortlink":"https:\/\/wp.me\/PaOqsS-54e","_links":{"self":[{"href":"https:\/\/turuntaidehalli.fi\/sv\/wp-json\/wp\/v2\/pages\/19482"}],"collection":[{"href":"https:\/\/turuntaidehalli.fi\/sv\/wp-json\/wp\/v2\/pages"}],"about":[{"href":"https:\/\/turuntaidehalli.fi\/sv\/wp-json\/wp\/v2\/types\/page"}],"author":[{"embeddable":true,"href":"https:\/\/turuntaidehalli.fi\/sv\/wp-json\/wp\/v2\/users\/5"}],"replies":[{"embeddable":true,"href":"https:\/\/turuntaidehalli.fi\/sv\/wp-json\/wp\/v2\/comments?post=19482"}],"version-history":[{"count":2,"href":"https:\/\/turuntaidehalli.fi\/sv\/wp-json\/wp\/v2\/pages\/19482\/revisions"}],"predecessor-version":[{"id":19485,"href":"https:\/\/turuntaidehalli.fi\/sv\/wp-json\/wp\/v2\/pages\/19482\/revisions\/19485"}],"wp:attachment":[{"href":"https:\/\/turuntaidehalli.fi\/sv\/wp-json\/wp\/v2\/media?parent=19482"}],"curies":[{"name":"wp","href":"https:\/\/api.w.org\/{rel}","templated":true}]}}