{"id":2275,"date":"2019-06-05T08:57:27","date_gmt":"2019-06-05T05:57:27","guid":{"rendered":"https:\/\/turuntaidehalli.fi\/me\/"},"modified":"2020-06-03T15:24:12","modified_gmt":"2020-06-03T12:24:12","slug":"me","status":"publish","type":"page","link":"https:\/\/turuntaidehalli.fi\/sv\/me\/","title":{"rendered":"OM OSS"},"content":{"rendered":"<div   data-size='featured_large'  data-lightbox_size='large'  data-animation='fade'  data-conditional_play=''  data-ids='1641'  data-video_counter='0'  data-autoplay='false'  data-bg_slider='false'  data-slide_height=''  data-handle='av_slideshow'  data-interval='5'  data-class=' avia-builder-el-0  el_before_av_one_fifth  avia-builder-el-first  '  data-el_id=''  data-css_id=''  data-scroll_down=''  data-control_layout='av-control-default'  data-custom_markup=''  data-perma_caption=''  data-autoplay_stopper=''  data-image_attachment=''  data-min_height='0px'  data-lazy_loading='disabled'  data-default-height='42'  class='avia-slideshow avia-slideshow-1  av-control-default av-default-height-applied avia-slideshow-featured_large av_slideshow  avia-builder-el-0  el_before_av_one_fifth  avia-builder-el-first   avia-fade-slider '  itemprop=\"image\" itemscope=\"itemscope\" itemtype=\"https:\/\/schema.org\/ImageObject\" ><ul class='avia-slideshow-inner ' style='padding-bottom: 42%;' ><li  class=' av-single-slide slide-1 ' ><div data-rel='slideshow-1' class='avia-slide-wrap '   ><img class=\"wp-image-1641 avia-img-lazy-loading-not-1641\"  src=\"https:\/\/turuntaidehalli.fi\/wp-content\/uploads\/2019\/10\/SaaraKumpulainen-1500x630.png\" width=\"1500\" height=\"630\" title='SaaraKumpulainen' alt=''  itemprop=\"thumbnailUrl\"   \/><\/div><\/li><\/ul><\/div>\n<div class=\"flex_column av_one_fifth  flex_column_div av-zero-column-padding first  avia-builder-el-1  el_after_av_slideshow  el_before_av_three_fifth  \" style='border-radius:0px; '><\/div>\n<div class=\"flex_column av_three_fifth  flex_column_div av-zero-column-padding   avia-builder-el-2  el_after_av_one_fifth  el_before_av_one_fifth  \" style='border-radius:0px; '><div  style='padding-bottom:10px; font-size:80px;' class='av-special-heading av-special-heading-h1  blockquote modern-quote modern-centered  avia-builder-el-3  avia-builder-el-no-sibling  av-inherit-size '><h1 class='av-special-heading-tag '  itemprop=\"headline\"  >OM OSS<\/h1><div class='special-heading-border'><div class='special-heading-inner-border' ><\/div><\/div><\/div><\/div>\n<div class=\"flex_column av_one_fifth  flex_column_div av-zero-column-padding   avia-builder-el-4  el_after_av_three_fifth  el_before_av_one_fifth  \" style='border-radius:0px; '><\/div>\n<div class=\"flex_column av_one_fifth  flex_column_div av-zero-column-padding first  avia-builder-el-5  el_after_av_one_fifth  el_before_av_three_fifth  column-top-margin\" style='border-radius:0px; '><\/div>\n<div class=\"flex_column av_three_fifth  flex_column_div av-zero-column-padding   avia-builder-el-6  el_after_av_one_fifth  el_before_av_one_fifth  column-top-margin\" style='border-radius:0px; '><section class=\"av_textblock_section \"  itemscope=\"itemscope\" itemtype=\"https:\/\/schema.org\/CreativeWork\" ><div class='avia_textblock  '   itemprop=\"text\" ><h3>\u00c5BO KONSTHALL<br \/>\nGamla Stortorget 5, \u00c5bo<\/h3>\n<p>\u00d6ppet ons-s\u00f6n kl. 12-18<br \/>\ngratis intr\u00e4de<\/p>\n<p>tfn 040 3501954<br \/>\ninfo@turuntaidehalli.fi<br \/>\n#turuntaidehalli<\/p>\n<p><strong>AVVIKANDE \u00d6PPETTIDER<\/strong><br \/>\nmidsommar 19.-20.6. ST\u00c4NGT<\/p>\n<p><strong>PARKERING<\/strong><br \/>\n\u00c5bo Konsthall har ingen egen parkeringsplats men exempelvis omr\u00e5det kring Domkyrkotorget och Tavastgatan finns m\u00f6jlighet till parkering mot normal avgift enligt stadens taxa.<\/p>\n<p><strong>CYKLAR<\/strong><br \/>\nCyklar kan l\u00e4mnas i cykelst\u00e4llen p\u00e5 Gamla Stortorget, alldeles intill \u00c5bo Konsthall.<\/p>\n<p><strong>TILLG\u00c4NGLIGHET<\/strong><br \/>\n\u00c5bo Konsthall \u00e4r tillg\u00e4ngligt f\u00f6r s\u00e5v\u00e4l funktionshindrade, som barnvagnar och bes\u00f6kare med rollator. Den trappfria entr\u00e9n finns p\u00e5 baksidan av huset, via bakd\u00f6rren p\u00e5 innerg\u00e5rden. Ring p\u00e5 d\u00f6rrklockan s\u00e5 \u00f6ppnar vi! Huset har en hiss och en st\u00f6rre WC (d\u00f6rr\u00f6ppningens bredd 78cm).<\/p>\n<p><strong>HUSDJUR<\/strong><br \/>\nHusdjur \u00e4r v\u00e4lkomna till oss om de kopplade under bes\u00f6ket p\u00e5 konsthallen. Vi ber bes\u00f6kare att h\u00e5lla ett vakande \u00f6ga p\u00e5 sina s\u00e4llskapsdjur vid vistelser i utst\u00e4llningssalarna, s\u00e4rskilt om det f\u00f6rekommer installationsverk p\u00e5 golvet.<\/p>\n<p><a href=\"https:\/\/www.google.fi\/maps\/place\/Turun+Taidehalli\/@60.4505411,22.2738166,17z\/data=!3m1!4b1!4m5!3m4!1s0x468c777f48c226a3:0xa2592ec7c1c7d511!8m2!3d60.4505411!4d22.2760052?shorturl=1\"><strong>GOOGLE MAPS<\/strong><\/a><\/p>\n<p><strong><br \/>\nKONTAKT OSS<\/strong><\/p>\n<p><span class=\"_4yxo\">Info, media: <\/span>info@turuntaidehalli.fi<\/p>\n<p><span class=\"_4yxo\">Utst\u00e4llningar, v\u00e4gledning, evenemang: <\/span>nayttelyt@turuntaidehalli.fi<\/p>\n<p>\u00c5bo Artotek: info@turuntaidelainaamo.fi<\/p>\n<p>Verkst\u00e4der, Ord och inga visor -projekt: workshops@turuntaidehalli.fi<\/p>\n<p>PeriLab \u2013 det digitala arbetsrummet f\u00f6r bildkonstn\u00e4rer:\u00a0perilab@turuntaidehalli.fi<\/p>\n<p>Bibliotek av Fotocentrum\u00a0Peri: valokuvakeskusperi@turuntaidehalli.fi<\/p>\n<p>Hyra festsal: pauliina.floralia@gmail.com<\/p>\n<p><a href=\"https:\/\/turuntaidehalli.fi\/sv\/peri-personer\/\" target=\"_blank\" rel=\"noopener noreferrer\">Fotocentrum Peris personal<\/a><br \/>\n<a href=\"https:\/\/turuntaidehalli.fi\/sv\/turun-taidehalli\/turun-taiteilijaseura-ry\/\" target=\"_blank\" rel=\"noopener noreferrer\">Konstn\u00e4rsgillet i \u00c5bos personal<\/a><\/p>\n<\/div><\/section><\/div><div class=\"flex_column av_one_fifth  flex_column_div av-zero-column-padding   avia-builder-el-8  el_after_av_three_fifth  el_before_av_one_fifth  column-top-margin\" style='border-radius:0px; '><\/div><\/p>\n<div class=\"flex_column av_one_fifth  flex_column_div av-zero-column-padding first  avia-builder-el-9  el_after_av_one_fifth  el_before_av_three_fifth  column-top-margin\" style='border-radius:0px; '><\/div>\n<div class=\"flex_column av_three_fifth  flex_column_div av-zero-column-padding   avia-builder-el-10  el_after_av_one_fifth  el_before_av_one_fifth  column-top-margin\" style='border-radius:0px; '><section class=\"av_textblock_section \"  itemscope=\"itemscope\" itemtype=\"https:\/\/schema.org\/CreativeWork\" ><div class='avia_textblock  '   itemprop=\"text\" ><h1 style=\"text-align: center;\">BOKA UTRYMME<\/h1>\n<h3 style=\"text-align: center;\"><a href=\"http:\/\/kokoustila.fi\/\">\u27f6 www.kokoustila.fi<\/a><\/h3>\n<h1><\/h1>\n<h1 style=\"text-align: center;\">MERA INFORMATION<\/h1>\n<h3 style=\"text-align: center;\">\u27f6 <a href=\"mailto:info@turuntaidehalli.fi?Subject=Moikka!\" target=\"_top\" rel=\"noopener noreferrer\">info@turuntaidehalli.fi<\/a><\/h3>\n<\/div><\/section><\/div>\n<div class=\"flex_column av_one_fifth  flex_column_div av-zero-column-padding   avia-builder-el-12  el_after_av_three_fifth  avia-builder-el-last  column-top-margin\" style='border-radius:0px; '><\/div>\n","protected":false},"excerpt":{"rendered":"","protected":false},"author":1,"featured_media":2119,"parent":0,"menu_order":0,"comment_status":"closed","ping_status":"closed","template":"","meta":{"spay_email":""},"jetpack_shortlink":"https:\/\/wp.me\/PaOqsS-AH","_links":{"self":[{"href":"https:\/\/turuntaidehalli.fi\/sv\/wp-json\/wp\/v2\/pages\/2275"}],"collection":[{"href":"https:\/\/turuntaidehalli.fi\/sv\/wp-json\/wp\/v2\/pages"}],"about":[{"href":"https:\/\/turuntaidehalli.fi\/sv\/wp-json\/wp\/v2\/types\/page"}],"author":[{"embeddable":true,"href":"https:\/\/turuntaidehalli.fi\/sv\/wp-json\/wp\/v2\/users\/1"}],"replies":[{"embeddable":true,"href":"https:\/\/turuntaidehalli.fi\/sv\/wp-json\/wp\/v2\/comments?post=2275"}],"version-history":[{"count":12,"href":"https:\/\/turuntaidehalli.fi\/sv\/wp-json\/wp\/v2\/pages\/2275\/revisions"}],"predecessor-version":[{"id":9437,"href":"https:\/\/turuntaidehalli.fi\/sv\/wp-json\/wp\/v2\/pages\/2275\/revisions\/9437"}],"wp:featuredmedia":[{"embeddable":true,"href":"https:\/\/turuntaidehalli.fi\/sv\/wp-json\/wp\/v2\/media\/2119"}],"wp:attachment":[{"href":"https:\/\/turuntaidehalli.fi\/sv\/wp-json\/wp\/v2\/media?parent=2275"}],"curies":[{"name":"wp","href":"https:\/\/api.w.org\/{rel}","templated":true}]}}