{"id":2366,"date":"2020-01-11T15:28:21","date_gmt":"2020-01-11T13:28:21","guid":{"rendered":"https:\/\/turuntaidehalli.fi\/?page_id=2366"},"modified":"2023-09-01T14:24:42","modified_gmt":"2023-09-01T11:24:42","slug":"utstallningar","status":"publish","type":"page","link":"https:\/\/turuntaidehalli.fi\/sv\/utstallningar\/","title":{"rendered":"UTST\u00c4LLNINGAR"},"content":{"rendered":"<div class=\"flex_column av_one_fifth  flex_column_div av-zero-column-padding first  avia-builder-el-0  el_before_av_three_fifth  avia-builder-el-first  \" style='border-radius:0px; '><\/div>\n<div class=\"flex_column av_three_fifth  flex_column_div av-zero-column-padding   avia-builder-el-1  el_after_av_one_fifth  el_before_av_one_fifth  \" style='border-radius:0px; '><div  style='padding-bottom:10px; font-size:80px;' class='av-special-heading av-special-heading-h1  blockquote modern-quote modern-centered  avia-builder-el-2  avia-builder-el-no-sibling  av-inherit-size '><h1 class='av-special-heading-tag '  itemprop=\"headline\"  >UTST\u00c4LLNINGAR<\/h1><div class='special-heading-border'><div class='special-heading-inner-border' ><\/div><\/div><\/div><\/div>\n<div class=\"flex_column av_one_fifth  flex_column_div av-zero-column-padding   avia-builder-el-3  el_after_av_three_fifth  el_before_av_one_full  \" style='border-radius:0px; '><\/div>\n<div class=\"flex_column av_one_full  flex_column_div av-zero-column-padding first  avia-builder-el-4  el_after_av_one_fifth  el_before_av_one_full  column-top-margin\" style='border-radius:0px; '><section class=\"av_textblock_section \"  itemscope=\"itemscope\" itemtype=\"https:\/\/schema.org\/CreativeWork\" ><div class='avia_textblock  '   itemprop=\"text\" ><h2 style=\"text-align: center;\">Aktuella utst\u00e4llningar<\/h2>\n<\/div><\/section><br \/>\n<div  style='height:20px' class='hr hr-invisible   avia-builder-el-6  el_after_av_textblock  el_before_av_masonry_entries  avia-builder-el-last '><span class='hr-inner ' ><span class='hr-inner-style'><\/span><\/span><\/div><br \/>\n<div id='av-masonry-1' class='av-masonry nayttely-listaus noHover av-fixed-size av-large-gap av-hover-overlay-bluronhover av-masonry-animation-active av-masonry-col-3 av-caption-always av-caption-style-    '  ><div class='av-masonry-container isotope av-js-disabled ' ><div class='av-masonry-entry isotope-item av-masonry-item-no-image '><\/div><a href=\"https:\/\/turuntaidehalli.fi\/sv\/iso-gallerian-tulevat-nayttelyt-osoitteessa-www-turuntaiteilijaseura-fi\/\"  id='av-masonry-1-item-19433' data-av-masonry-item='19433' class='av-masonry-entry isotope-item post-19433 post type-post status-publish format-standard has-post-thumbnail hentry category-ajankohtaista-sv category-nykyiset-nayttelyt-sv category-tulevat-nayttelyt-sv  av-masonry-item-with-image' title=\"Turun Taiteilijaseura ry\"  itemscope=\"itemscope\" itemtype=\"https:\/\/schema.org\/CreativeWork\" ><div class='av-inner-masonry-sizer'><\/div><figure class='av-inner-masonry main_color'><div class=\"av-masonry-outerimage-container\"><div class=\"av-masonry-image-container\" style=\"background-image: url(https:\/\/turuntaidehalli.fi\/wp-content\/uploads\/2026\/01\/Nimeton-malli-705x499.png);\" title=\"Turun Taiteilijaseura ry\" ><\/div><\/div><figcaption class='av-inner-masonry-content site-background'><div class='av-inner-masonry-content-pos'><div class='av-inner-masonry-content-pos-content'><div class='avia-arrow'><\/div><h3 class='av-masonry-entry-title entry-title '  itemprop=\"headline\" >Iso Gallerian tulevat n\u00e4yttelyt osoitteessa www.turuntaiteilijaseura.fi<\/h3><span class='av-masonry-date meta-color updated'>21.1.2026<\/span><span class=\"av-masonry-text-sep text-sep-author\">\/<\/span><span class='av-masonry-author meta-color author'><span class='fn'>av Turuntaiteilijaseura<\/span><\/span><\/div><\/div><\/figcaption><\/figure><\/a><!--end av-masonry entry--><a href=\"https:\/\/turuntaidehalli.fi\/sv\/konstnarsgillet-i-abos-102a-arsutstallning\/\"  id='av-masonry-1-item-19384' data-av-masonry-item='19384' class='av-masonry-entry isotope-item post-19384 post type-post status-publish format-standard has-post-thumbnail hentry category-nykyiset-nayttelyt-sv  av-masonry-item-with-image' title=\"Taidehalli_2026_1-2_1920x1005px\"  itemscope=\"itemscope\" itemtype=\"https:\/\/schema.org\/CreativeWork\" ><div class='av-inner-masonry-sizer'><\/div><figure class='av-inner-masonry main_color'><div class=\"av-masonry-outerimage-container\"><div class=\"av-masonry-image-container\" style=\"background-image: url(https:\/\/turuntaidehalli.fi\/wp-content\/uploads\/2025\/03\/Taidehalli_2026_1-2_1920x1005px-705x369.png);\" title=\"Taidehalli_2026_1-2_1920x1005px\"  alt=\"Turun Taiteilijaseuran 102. vuosin\u00e4yttely\" ><\/div><\/div><figcaption class='av-inner-masonry-content site-background'><div class='av-inner-masonry-content-pos'><div class='av-inner-masonry-content-pos-content'><div class='avia-arrow'><\/div><h3 class='av-masonry-entry-title entry-title '  itemprop=\"headline\" >Konstn\u00e4rsgillet i \u00c5bos 102:a \u00e5rsutst\u00e4llning \/ 9.1.\u201322.2.2026 Iso Galleria<\/h3><span class='av-masonry-date meta-color updated'>18.12.2025<\/span><span class=\"av-masonry-text-sep text-sep-author\">\/<\/span><span class='av-masonry-author meta-color author'><span class='fn'>av Turuntaiteilijaseura<\/span><\/span><\/div><\/div><\/figcaption><\/figure><\/a><!--end av-masonry entry--><\/div><\/div><\/p><\/div>\n<div class=\"flex_column av_one_full  flex_column_div av-zero-column-padding first  avia-builder-el-8  el_after_av_one_full  el_before_av_one_full  column-top-margin\" style='border-radius:0px; '><p><div  style='height:50px' class='hr hr-invisible   avia-builder-el-9  el_before_av_textblock  avia-builder-el-first '><span class='hr-inner ' ><span class='hr-inner-style'><\/span><\/span><\/div><br \/>\n<section class=\"av_textblock_section \"  itemscope=\"itemscope\" itemtype=\"https:\/\/schema.org\/CreativeWork\" ><div class='avia_textblock  '   itemprop=\"text\" ><h2 style=\"text-align: center;\">Kommande utst\u00e4llningar<\/h2>\n<\/div><\/section><br \/>\n<div  style='height:20px' class='hr hr-invisible   avia-builder-el-11  el_after_av_textblock  el_before_av_masonry_entries  avia-builder-el-last '><span class='hr-inner ' ><span class='hr-inner-style'><\/span><\/span><\/div><br \/>\n<div id='av-masonry-2' class='av-masonry nayttely-listaus noHover av-fixed-size av-large-gap av-hover-overlay-bluronhover av-masonry-animation-active av-masonry-col-3 av-caption-always av-caption-style-    '  ><div class='av-masonry-container isotope av-js-disabled ' ><div class='av-masonry-entry isotope-item av-masonry-item-no-image '><\/div><a href=\"https:\/\/turuntaidehalli.fi\/sv\/12-1-25-2-2024-konstnarsgillets-i-abo-100e-arstutstallning-iso-galleria\/\"  id='av-masonry-2-item-17143' data-av-masonry-item='17143' class='av-masonry-entry isotope-item post-17143 post type-post status-publish format-standard has-post-thumbnail hentry category-tulevat-nayttelyt-sv  av-masonry-item-with-image' title=\"Taidehalli2023_12_1320x505px\"  itemscope=\"itemscope\" itemtype=\"https:\/\/schema.org\/CreativeWork\" ><div class='av-inner-masonry-sizer'><\/div><figure class='av-inner-masonry main_color'><div class=\"av-masonry-outerimage-container\"><div class=\"av-masonry-image-container\" style=\"background-image: url(https:\/\/turuntaidehalli.fi\/wp-content\/uploads\/2022\/01\/Taidehalli2023_12_1320x505px-705x270.png);\" title=\"Taidehalli2023_12_1320x505px\"  alt=\"N\u00e4yttelun juliste\" ><\/div><\/div><figcaption class='av-inner-masonry-content site-background'><div class='av-inner-masonry-content-pos'><div class='av-inner-masonry-content-pos-content'><div class='avia-arrow'><\/div><h3 class='av-masonry-entry-title entry-title '  itemprop=\"headline\" >12.1-25.2.2024 Konstn\u00e4rsgillet i \u00c5bos 100:e \u00c5rsutst\u00e4llning \/ Iso Galleria<\/h3><span class='av-masonry-date meta-color updated'>3.6.2023<\/span><span class=\"av-masonry-text-sep text-sep-author\">\/<\/span><span class='av-masonry-author meta-color author'><span class='fn'>av Info<\/span><\/span><\/div><\/div><\/figcaption><\/figure><\/a><!--end av-masonry entry--><a href=\"https:\/\/turuntaidehalli.fi\/sv\/utstallningsprogram-2025-2026-iso-galleria\/\"  id='av-masonry-2-item-17806' data-av-masonry-item='17806' class='av-masonry-entry isotope-item post-17806 post type-post status-publish format-standard has-post-thumbnail hentry category-ajankohtaista-sv category-tulevat-nayttelyt-sv  av-masonry-item-with-image' title=\"Pauliina M\u00e4kel\u00e4 Hidden Gardens 2023\"  itemscope=\"itemscope\" itemtype=\"https:\/\/schema.org\/CreativeWork\" ><div class='av-inner-masonry-sizer'><\/div><figure class='av-inner-masonry main_color'><div class=\"av-masonry-outerimage-container\"><div class=\"av-masonry-image-container\" style=\"background-image: url(https:\/\/turuntaidehalli.fi\/wp-content\/uploads\/2023\/10\/Pauliina-Makela-Hidden-Gardens-2023-498x705.jpg);\" title=\"Pauliina M\u00e4kel\u00e4 Hidden Gardens 2023\" ><\/div><\/div><figcaption class='av-inner-masonry-content site-background'><div class='av-inner-masonry-content-pos'><div class='av-inner-masonry-content-pos-content'><div class='avia-arrow'><\/div><h3 class='av-masonry-entry-title entry-title '  itemprop=\"headline\" >UTST\u00c4LLNINGSPROGRAM 2025\u20132026 ISO GALLERIA<\/h3><span class='av-masonry-date meta-color updated'>26.10.2023<\/span><span class=\"av-masonry-text-sep text-sep-author\">\/<\/span><span class='av-masonry-author meta-color author'><span class='fn'>av Info<\/span><\/span><\/div><\/div><\/figcaption><\/figure><\/a><!--end av-masonry entry--><a href=\"https:\/\/turuntaidehalli.fi\/sv\/anni-saijonkivi-iso-galleria-6-11-5-12-2026\/\"  id='av-masonry-2-item-18830' data-av-masonry-item='18830' class='av-masonry-entry isotope-item post-18830 post type-post status-publish format-standard has-post-thumbnail hentry category-tulevat-nayttelyt-sv  av-masonry-item-with-image' title=\"Turun Taidehalli\"  itemscope=\"itemscope\" itemtype=\"https:\/\/schema.org\/CreativeWork\" ><div class='av-inner-masonry-sizer'><\/div><figure class='av-inner-masonry main_color'><div class=\"av-masonry-outerimage-container\"><div class=\"av-masonry-image-container\" style=\"background-image: url(https:\/\/turuntaidehalli.fi\/wp-content\/uploads\/2021\/03\/50754079_2272672369683629_6874756242909167616_o-705x261.png);\" title=\"Turun Taidehalli\" ><\/div><\/div><figcaption class='av-inner-masonry-content site-background'><div class='av-inner-masonry-content-pos'><div class='av-inner-masonry-content-pos-content'><div class='avia-arrow'><\/div><h3 class='av-masonry-entry-title entry-title '  itemprop=\"headline\" >Anni Saijonkivi \/ Iso Galleria 6.11.\u20135.12.2026<\/h3><span class='av-masonry-date meta-color updated'>20.3.2025<\/span><span class=\"av-masonry-text-sep text-sep-author\">\/<\/span><span class='av-masonry-author meta-color author'><span class='fn'>av Turuntaiteilijaseura<\/span><\/span><\/div><\/div><\/figcaption><\/figure><\/a><!--end av-masonry entry--><\/div><\/div><\/p><\/div>\n<div class=\"flex_column av_one_full  flex_column_div av-zero-column-padding first  avia-builder-el-13  el_after_av_one_full  el_before_av_one_full  column-top-margin\" style='border-radius:0px; '><p><div  style='height:50px' class='hr hr-invisible   avia-builder-el-14  el_before_av_textblock  avia-builder-el-first '><span class='hr-inner ' ><span class='hr-inner-style'><\/span><\/span><\/div><br \/>\n<section class=\"av_textblock_section \"  itemscope=\"itemscope\" itemtype=\"https:\/\/schema.org\/CreativeWork\" ><div class='avia_textblock  '   itemprop=\"text\" ><h2 style=\"text-align: center;\">Tidigare utst\u00e4llningar<\/h2>\n<\/div><\/section><br \/>\n<div  style='height:20px' class='hr hr-invisible   avia-builder-el-16  el_after_av_textblock  el_before_av_masonry_entries  avia-builder-el-last '><span class='hr-inner ' ><span class='hr-inner-style'><\/span><\/span><\/div><br \/>\n<div id='av-masonry-3' class='av-masonry nayttely-listaus noHover av-fixed-size av-large-gap av-hover-overlay-bluronhover av-masonry-animation-active av-masonry-col-4 av-caption-always av-caption-style-    '  ><div class='av-masonry-container isotope av-js-disabled ' ><div class='av-masonry-entry isotope-item av-masonry-item-no-image '><\/div><a href=\"https:\/\/turuntaidehalli.fi\/sv\/markku-hakala-mari-kaki-jattegryta-9-1-8-2\/\"  id='av-masonry-3-item-19425' data-av-masonry-item='19425' class='av-masonry-entry isotope-item post-19425 post type-post status-publish format-standard has-post-thumbnail hentry category-menneet-nayttelyt-sv  av-masonry-item-with-image' title=\"Markku Hakala_Mari K\u00e4ki_Ehdotuksia_2023\"  itemscope=\"itemscope\" itemtype=\"https:\/\/schema.org\/CreativeWork\" ><div class='av-inner-masonry-sizer'><\/div><figure class='av-inner-masonry main_color'><div class=\"av-masonry-outerimage-container\"><div class=\"av-masonry-image-container\" style=\"background-image: url(https:\/\/turuntaidehalli.fi\/wp-content\/uploads\/2026\/01\/Markku-Hakala_Mari-Kaki_Ehdotuksia_2023-705x529.jpg);\" title=\"Markku Hakala_Mari K\u00e4ki_Ehdotuksia_2023\" ><\/div><\/div><figcaption class='av-inner-masonry-content site-background'><div class='av-inner-masonry-content-pos'><div class='av-inner-masonry-content-pos-content'><div class='avia-arrow'><\/div><h3 class='av-masonry-entry-title entry-title '  itemprop=\"headline\" >Markku Hakala &#038; Mari K\u00e4ki: J\u00e4ttegryta 9.1. \u2013 8.2.<\/h3><span class='av-masonry-date meta-color updated'>7.1.2026<\/span><span class=\"av-masonry-text-sep text-sep-author\">\/<\/span><span class='av-masonry-author meta-color author'><span class='fn'>av Info<\/span><\/span><\/div><\/div><\/figcaption><\/figure><\/a><!--end av-masonry entry--><a href=\"https:\/\/turuntaidehalli.fi\/sv\/valmis-kesken-klar-pagaende-5-21-12-2025\/\"  id='av-masonry-3-item-19333' data-av-masonry-item='19333' class='av-masonry-entry isotope-item post-19333 post type-post status-publish format-standard has-post-thumbnail hentry category-menneet-nayttelyt-sv  av-masonry-item-with-image' title=\"Valmis Kesken kollaasi_vaaka(3) kopio\"  itemscope=\"itemscope\" itemtype=\"https:\/\/schema.org\/CreativeWork\" ><div class='av-inner-masonry-sizer'><\/div><figure class='av-inner-masonry main_color'><div class=\"av-masonry-outerimage-container\"><div class=\"av-masonry-image-container\" style=\"background-image: url(https:\/\/turuntaidehalli.fi\/wp-content\/uploads\/2025\/12\/Valmis-Kesken-kollaasi_vaaka3-kopio-705x346.jpg);\" title=\"Valmis Kesken kollaasi_vaaka(3) kopio\" ><\/div><\/div><figcaption class='av-inner-masonry-content site-background'><div class='av-inner-masonry-content-pos'><div class='av-inner-masonry-content-pos-content'><div class='avia-arrow'><\/div><h3 class='av-masonry-entry-title entry-title '  itemprop=\"headline\" >Valmis. Kesken. (Klar. P\u00e5g\u00e5ende.) 5\u201321.12.2025<\/h3><span class='av-masonry-date meta-color updated'>3.12.2025<\/span><span class=\"av-masonry-text-sep text-sep-author\">\/<\/span><span class='av-masonry-author meta-color author'><span class='fn'>av Info<\/span><\/span><\/div><\/div><\/figcaption><\/figure><\/a><!--end av-masonry entry--><a href=\"https:\/\/turuntaidehalli.fi\/sv\/sateenkaari-koto-ry-aania-monikulttuurisesta-yhteisosta-iso-galleria-12-12-19-12-2025\/\"  id='av-masonry-3-item-19265' data-av-masonry-item='19265' class='av-masonry-entry isotope-item post-19265 post type-post status-publish format-standard has-post-thumbnail hentry category-menneet-nayttelyt-sv  av-masonry-item-with-image' title=\"Fly Fly Butterfly 2024\"  itemscope=\"itemscope\" itemtype=\"https:\/\/schema.org\/CreativeWork\" ><div class='av-inner-masonry-sizer'><\/div><figure class='av-inner-masonry main_color'><div class=\"av-masonry-outerimage-container\"><div class=\"av-masonry-image-container\" style=\"background-image: url(https:\/\/turuntaidehalli.fi\/wp-content\/uploads\/2025\/10\/Fly-Fly-Butterfly-2024-705x577.jpg);\" title=\"Fly Fly Butterfly 2024\" ><\/div><\/div><figcaption class='av-inner-masonry-content site-background'><div class='av-inner-masonry-content-pos'><div class='av-inner-masonry-content-pos-content'><div class='avia-arrow'><\/div><h3 class='av-masonry-entry-title entry-title '  itemprop=\"headline\" >sateenkaari koto ry: \u00e4\u00e4ni\u00e4 monikulttuurisesta yhteis\u00f6st\u00e4 \/ iso galleria 12.12\u201319.12.2025<\/h3><span class='av-masonry-date meta-color updated'>31.10.2025<\/span><span class=\"av-masonry-text-sep text-sep-author\">\/<\/span><span class='av-masonry-author meta-color author'><span class='fn'>av Turuntaiteilijaseura<\/span><\/span><\/div><\/div><\/figcaption><\/figure><\/a><!--end av-masonry entry--><a href=\"https:\/\/turuntaidehalli.fi\/sv\/pauliina-makela-aer-iso-galleria-7-11-7-12-2025\/\"  id='av-masonry-3-item-19227' data-av-masonry-item='19227' class='av-masonry-entry isotope-item post-19227 post type-post status-publish format-standard has-post-thumbnail hentry category-menneet-nayttelyt-sv  av-masonry-item-with-image' title=\"Daisy&#8217;s_Dream_2024_lyijykyna_paperille_digitaalinen_varitys_(cropped)\"  itemscope=\"itemscope\" itemtype=\"https:\/\/schema.org\/CreativeWork\" ><div class='av-inner-masonry-sizer'><\/div><figure class='av-inner-masonry main_color'><div class=\"av-masonry-outerimage-container\"><div class=\"av-masonry-image-container\" style=\"background-image: url(https:\/\/turuntaidehalli.fi\/wp-content\/uploads\/2025\/03\/Daisys_Dream_2024_lyijykyna_paperille_digitaalinen_varitys_cropped-705x484.jpg);\" title=\"Daisy&#8217;s_Dream_2024_lyijykyna_paperille_digitaalinen_varitys_(cropped)\" ><\/div><\/div><figcaption class='av-inner-masonry-content site-background'><div class='av-inner-masonry-content-pos'><div class='av-inner-masonry-content-pos-content'><div class='avia-arrow'><\/div><h3 class='av-masonry-entry-title entry-title '  itemprop=\"headline\" >Pauliina M\u00e4kel\u00e4: aer \/ Iso Galleria 7.11.\u20137.12.2025<\/h3><span class='av-masonry-date meta-color updated'>17.10.2025<\/span><span class=\"av-masonry-text-sep text-sep-author\">\/<\/span><span class='av-masonry-author meta-color author'><span class='fn'>av Turuntaiteilijaseura<\/span><\/span><\/div><\/div><\/figcaption><\/figure><\/a><!--end av-masonry entry--><\/div><\/div><\/p><\/div>\n<div class=\"flex_column av_one_full  flex_column_div av-zero-column-padding first  avia-builder-el-18  el_after_av_one_full  el_before_av_section  avia-builder-el-last  column-top-margin\" style='border-radius:0px; '><div  style='height:150px' class='hr hr-invisible   avia-builder-el-19  avia-builder-el-no-sibling '><span class='hr-inner ' ><span class='hr-inner-style'><\/span><\/span><\/div><\/div>\n<\/div><\/div><\/div><!-- close content main div --><\/div><\/div><div id='nayttelyohjelma'  class='avia-section main_color avia-section-default avia-no-border-styling  avia-bg-style-scroll  avia-builder-el-20  el_after_av_one_full  avia-builder-el-last   container_wrap fullsize' style=' '  ><div class='container' ><div class='template-page content  av-content-full alpha units'><div class='post-entry post-entry-type-page post-entry-2366'><div class='entry-content-wrapper clearfix'>\n<div class=\"flex_column av_one_fifth  flex_column_div av-zero-column-padding first  avia-builder-el-21  el_before_av_three_fifth  avia-builder-el-first  \" style='border-radius:0px; '><\/div><div class=\"flex_column av_three_fifth  flex_column_div av-zero-column-padding   avia-builder-el-22  el_after_av_one_fifth  el_before_av_one_fifth  \" style='border-radius:0px; '><section class=\"av_textblock_section \"  itemscope=\"itemscope\" itemtype=\"https:\/\/schema.org\/CreativeWork\" ><div class='avia_textblock  '   itemprop=\"text\" ><h2>UTST\u00c4LLNINGSPROGRAM 2023<\/h2>\n<p><b>2023 ISO GALLERIA\u00a0<\/b><\/p>\n<ul>\n<li>13.1-26.2 Konstn\u00e4rsgillets i \u00c5bo 99:e \u00e5rsutst\u00e4llning<\/li>\n<li>10.3-23.4 NYTT 2023 \u2013\u00a0Utst\u00e4llning f\u00f6r avg\u00e5ngselever fr\u00e5n Konstakademin<\/li>\n<li>5.5-23.6 Aaro Murphy<\/li>\n<li>7.7-27.8 Jarkko Rantanen<\/li>\n<li>7.9-29.10 Inka Nieminen<\/li>\n<li>10.11-10.12 Selma Aurora Haro<\/li>\n<li>15.12-20.12 Talvinen Taidebasaari<\/li>\n<\/ul>\n<h2><\/h2>\n<\/div><\/section><\/div><div class=\"flex_column av_one_fifth  flex_column_div av-zero-column-padding   avia-builder-el-24  el_after_av_three_fifth  avia-builder-el-last  \" style='border-radius:0px; '><\/div>\n","protected":false},"excerpt":{"rendered":"","protected":false},"author":5,"featured_media":0,"parent":0,"menu_order":0,"comment_status":"closed","ping_status":"closed","template":"","meta":{"spay_email":""},"jetpack_shortlink":"https:\/\/wp.me\/PaOqsS-Ca","_links":{"self":[{"href":"https:\/\/turuntaidehalli.fi\/sv\/wp-json\/wp\/v2\/pages\/2366"}],"collection":[{"href":"https:\/\/turuntaidehalli.fi\/sv\/wp-json\/wp\/v2\/pages"}],"about":[{"href":"https:\/\/turuntaidehalli.fi\/sv\/wp-json\/wp\/v2\/types\/page"}],"author":[{"embeddable":true,"href":"https:\/\/turuntaidehalli.fi\/sv\/wp-json\/wp\/v2\/users\/5"}],"replies":[{"embeddable":true,"href":"https:\/\/turuntaidehalli.fi\/sv\/wp-json\/wp\/v2\/comments?post=2366"}],"version-history":[{"count":29,"href":"https:\/\/turuntaidehalli.fi\/sv\/wp-json\/wp\/v2\/pages\/2366\/revisions"}],"predecessor-version":[{"id":18053,"href":"https:\/\/turuntaidehalli.fi\/sv\/wp-json\/wp\/v2\/pages\/2366\/revisions\/18053"}],"wp:attachment":[{"href":"https:\/\/turuntaidehalli.fi\/sv\/wp-json\/wp\/v2\/media?parent=2366"}],"curies":[{"name":"wp","href":"https:\/\/api.w.org\/{rel}","templated":true}]}}