{"id":2541,"date":"2019-03-18T08:51:56","date_gmt":"2019-03-18T08:51:56","guid":{"rendered":"https:\/\/turuntaidehalli.fi\/ajankohtaista\/"},"modified":"2020-05-06T14:40:52","modified_gmt":"2020-05-06T11:40:52","slug":"aktuellt","status":"publish","type":"page","link":"https:\/\/turuntaidehalli.fi\/sv\/aktuellt\/","title":{"rendered":"AKTUELLT"},"content":{"rendered":"<div class=\"flex_column av_one_full  flex_column_div av-zero-column-padding first  avia-builder-el-0  avia-builder-el-no-sibling  \" style='border-radius:0px; '><section class=\"av_textblock_section \"  itemscope=\"itemscope\" itemtype=\"https:\/\/schema.org\/CreativeWork\" ><div class='avia_textblock  '   itemprop=\"text\" ><h1 style=\"text-align: center;\">Aktuellt<\/h1>\n<\/div><\/section><br \/>\n<div  style='height:20px' class='hr hr-invisible   avia-builder-el-2  el_after_av_textblock  el_before_av_masonry_entries  avia-builder-el-last '><span class='hr-inner ' ><span class='hr-inner-style'><\/span><\/span><\/div><br \/>\n<div id='av-masonry-1' class='av-masonry ajankohtaista-listaus noHover av-fixed-size av-large-gap av-hover-overlay-bluronhover av-masonry-animation-active av-masonry-col-2 av-caption-always av-caption-style-    '  ><div class='av-masonry-container isotope av-js-disabled ' ><div class='av-masonry-entry isotope-item av-masonry-item-no-image all_sort ajankohtaista-sv_sort  nykyiset-nayttelyt-sv_sort  tulevat-nayttelyt-sv_sort  peri-sv_sort  tiedotteet_sort '><\/div><a href=\"https:\/\/turuntaidehalli.fi\/sv\/iso-gallerian-tulevat-nayttelyt-osoitteessa-www-turuntaiteilijaseura-fi\/\"  id='av-masonry-1-item-19433' data-av-masonry-item='19433' class='av-masonry-entry isotope-item post-19433 post type-post status-publish format-standard has-post-thumbnail hentry category-ajankohtaista-sv category-nykyiset-nayttelyt-sv category-tulevat-nayttelyt-sv all_sort ajankohtaista-sv_sort  nykyiset-nayttelyt-sv_sort  tulevat-nayttelyt-sv_sort  av-masonry-item-with-image' title=\"Turun Taiteilijaseura ry\"  itemscope=\"itemscope\" itemtype=\"https:\/\/schema.org\/CreativeWork\" ><div class='av-inner-masonry-sizer'><\/div><figure class='av-inner-masonry main_color'><div class=\"av-masonry-outerimage-container\"><div class=\"av-masonry-image-container\" style=\"background-image: url(https:\/\/turuntaidehalli.fi\/wp-content\/uploads\/2026\/01\/Nimeton-malli-705x499.png);\" title=\"Turun Taiteilijaseura ry\" ><\/div><\/div><figcaption class='av-inner-masonry-content site-background'><div class='av-inner-masonry-content-pos'><div class='av-inner-masonry-content-pos-content'><div class='avia-arrow'><\/div><h3 class='av-masonry-entry-title entry-title '  itemprop=\"headline\" >Iso Gallerian tulevat n\u00e4yttelyt osoitteessa www.turuntaiteilijaseura.fi<\/h3><span class='av-masonry-date meta-color updated'>21.1.2026<\/span><span class=\"av-masonry-text-sep text-sep-author\">\/<\/span><span class='av-masonry-author meta-color author'><span class='fn'>av Turuntaiteilijaseura<\/span><\/span><\/div><\/div><\/figcaption><\/figure><\/a><!--end av-masonry entry--><a href=\"https:\/\/turuntaidehalli.fi\/sv\/perin-open-call-autumn-2026\/\"  id='av-masonry-1-item-19368' data-av-masonry-item='19368' class='av-masonry-entry isotope-item post-19368 post type-post status-publish format-standard has-post-thumbnail hentry category-ajankohtaista-sv category-peri-sv all_sort ajankohtaista-sv_sort  peri-sv_sort  av-masonry-item-with-image' title=\"Open_Call_Peri_red-OcA_by_Paula_Korhonen\"  itemscope=\"itemscope\" itemtype=\"https:\/\/schema.org\/CreativeWork\" ><div class='av-inner-masonry-sizer'><\/div><figure class='av-inner-masonry main_color'><div class=\"av-masonry-outerimage-container\"><div class=\"av-masonry-image-container\" style=\"background-image: url(https:\/\/turuntaidehalli.fi\/wp-content\/uploads\/2025\/12\/Open_Call_Peri_red-OcA_by_Paula_Korhonen-705x705.png);\" title=\"Open_Call_Peri_red-OcA_by_Paula_Korhonen\" ><\/div><\/div><figcaption class='av-inner-masonry-content site-background'><div class='av-inner-masonry-content-pos'><div class='av-inner-masonry-content-pos-content'><div class='avia-arrow'><\/div><h3 class='av-masonry-entry-title entry-title '  itemprop=\"headline\" >Valokuvakeskus Perin avoin n\u00e4yttelyhaku syksylle 2026<\/h3><span class='av-masonry-date meta-color updated'>13.12.2025<\/span><span class=\"av-masonry-text-sep text-sep-author\">\/<\/span><span class='av-masonry-author meta-color author'><span class='fn'>av Info<\/span><\/span><\/div><\/div><\/figcaption><\/figure><\/a><!--end av-masonry entry--><a href=\"https:\/\/turuntaidehalli.fi\/sv\/valokuvakeskus-perin-kevaan-2026-nayttelyohjelmisto-on-valittu\/\"  id='av-masonry-1-item-19210' data-av-masonry-item='19210' class='av-masonry-entry isotope-item post-19210 post type-post status-publish format-standard has-post-thumbnail hentry category-ajankohtaista-sv category-peri-sv all_sort ajankohtaista-sv_sort  peri-sv_sort  av-masonry-item-with-image' title=\"0R1A5681\"  itemscope=\"itemscope\" itemtype=\"https:\/\/schema.org\/CreativeWork\" ><div class='av-inner-masonry-sizer'><\/div><figure class='av-inner-masonry main_color'><div class=\"av-masonry-outerimage-container\"><div class=\"av-masonry-image-container\" style=\"background-image: url(https:\/\/turuntaidehalli.fi\/wp-content\/uploads\/2025\/10\/0R1A5681-705x470.jpg);\" title=\"0R1A5681\" ><\/div><\/div><figcaption class='av-inner-masonry-content site-background'><div class='av-inner-masonry-content-pos'><div class='av-inner-masonry-content-pos-content'><div class='avia-arrow'><\/div><h3 class='av-masonry-entry-title entry-title '  itemprop=\"headline\" >Valokuvakeskus Perin kev\u00e4\u00e4n 2026 n\u00e4yttelyohjelmisto on valittu<\/h3><span class='av-masonry-date meta-color updated'>3.10.2025<\/span><span class=\"av-masonry-text-sep text-sep-author\">\/<\/span><span class='av-masonry-author meta-color author'><span class='fn'>av Info<\/span><\/span><\/div><\/div><\/figcaption><\/figure><\/a><!--end av-masonry entry--><a href=\"https:\/\/turuntaidehalli.fi\/sv\/valokuvakeskus-peri-muuttaa-taiteen-talolle-kesalla-2026\/\"  id='av-masonry-1-item-19009' data-av-masonry-item='19009' class='av-masonry-entry isotope-item post-19009 post type-post status-publish format-standard has-post-thumbnail hentry category-ajankohtaista-sv category-peri-sv category-tiedotteet all_sort ajankohtaista-sv_sort  peri-sv_sort  tiedotteet_sort  av-masonry-item-with-image' title=\"_86A4000\"  itemscope=\"itemscope\" itemtype=\"https:\/\/schema.org\/CreativeWork\" ><div class='av-inner-masonry-sizer'><\/div><figure class='av-inner-masonry main_color'><div class=\"av-masonry-outerimage-container\"><div class=\"av-masonry-image-container\" style=\"background-image: url(https:\/\/turuntaidehalli.fi\/wp-content\/uploads\/2025\/06\/86A4000-705x498.jpg);\" title=\"_86A4000\" ><\/div><\/div><figcaption class='av-inner-masonry-content site-background'><div class='av-inner-masonry-content-pos'><div class='av-inner-masonry-content-pos-content'><div class='avia-arrow'><\/div><h3 class='av-masonry-entry-title entry-title '  itemprop=\"headline\" >Valokuvakeskus Peri muuttaa Taiteen talolle kes\u00e4ll\u00e4 2026<\/h3><span class='av-masonry-date meta-color updated'>13.6.2025<\/span><span class=\"av-masonry-text-sep text-sep-author\">\/<\/span><span class='av-masonry-author meta-color author'><span class='fn'>av Info<\/span><\/span><\/div><\/div><\/figcaption><\/figure><\/a><!--end av-masonry entry--><a href=\"https:\/\/turuntaidehalli.fi\/sv\/utstallningsprogram-2025-2026-iso-galleria\/\"  id='av-masonry-1-item-17806' data-av-masonry-item='17806' class='av-masonry-entry isotope-item post-17806 post type-post status-publish format-standard has-post-thumbnail hentry category-ajankohtaista-sv category-tulevat-nayttelyt-sv all_sort ajankohtaista-sv_sort  tulevat-nayttelyt-sv_sort  av-masonry-item-with-image' title=\"Pauliina M\u00e4kel\u00e4 Hidden Gardens 2023\"  itemscope=\"itemscope\" itemtype=\"https:\/\/schema.org\/CreativeWork\" ><div class='av-inner-masonry-sizer'><\/div><figure class='av-inner-masonry main_color'><div class=\"av-masonry-outerimage-container\"><div class=\"av-masonry-image-container\" style=\"background-image: url(https:\/\/turuntaidehalli.fi\/wp-content\/uploads\/2023\/10\/Pauliina-Makela-Hidden-Gardens-2023-498x705.jpg);\" title=\"Pauliina M\u00e4kel\u00e4 Hidden Gardens 2023\" ><\/div><\/div><figcaption class='av-inner-masonry-content site-background'><div class='av-inner-masonry-content-pos'><div class='av-inner-masonry-content-pos-content'><div class='avia-arrow'><\/div><h3 class='av-masonry-entry-title entry-title '  itemprop=\"headline\" >UTST\u00c4LLNINGSPROGRAM 2025\u20132026 ISO GALLERIA<\/h3><span class='av-masonry-date meta-color updated'>26.10.2023<\/span><span class=\"av-masonry-text-sep text-sep-author\">\/<\/span><span class='av-masonry-author meta-color author'><span class='fn'>av Info<\/span><\/span><\/div><\/div><\/figcaption><\/figure><\/a><!--end av-masonry entry--><\/div><\/div><\/p><\/div>\n","protected":false},"excerpt":{"rendered":"","protected":false},"author":1,"featured_media":2542,"parent":0,"menu_order":0,"comment_status":"closed","ping_status":"closed","template":"","meta":{"spay_email":""},"jetpack_shortlink":"https:\/\/wp.me\/PaOqsS-EZ","_links":{"self":[{"href":"https:\/\/turuntaidehalli.fi\/sv\/wp-json\/wp\/v2\/pages\/2541"}],"collection":[{"href":"https:\/\/turuntaidehalli.fi\/sv\/wp-json\/wp\/v2\/pages"}],"about":[{"href":"https:\/\/turuntaidehalli.fi\/sv\/wp-json\/wp\/v2\/types\/page"}],"author":[{"embeddable":true,"href":"https:\/\/turuntaidehalli.fi\/sv\/wp-json\/wp\/v2\/users\/1"}],"replies":[{"embeddable":true,"href":"https:\/\/turuntaidehalli.fi\/sv\/wp-json\/wp\/v2\/comments?post=2541"}],"version-history":[{"count":6,"href":"https:\/\/turuntaidehalli.fi\/sv\/wp-json\/wp\/v2\/pages\/2541\/revisions"}],"predecessor-version":[{"id":17058,"href":"https:\/\/turuntaidehalli.fi\/sv\/wp-json\/wp\/v2\/pages\/2541\/revisions\/17058"}],"wp:featuredmedia":[{"embeddable":true,"href":"https:\/\/turuntaidehalli.fi\/sv\/wp-json\/wp\/v2\/media\/2542"}],"wp:attachment":[{"href":"https:\/\/turuntaidehalli.fi\/sv\/wp-json\/wp\/v2\/media?parent=2541"}],"curies":[{"name":"wp","href":"https:\/\/api.w.org\/{rel}","templated":true}]}}