{"id":9445,"date":"2020-06-10T13:57:57","date_gmt":"2020-06-10T10:57:57","guid":{"rendered":"https:\/\/turuntaidehalli.fi\/yhteystiedot\/"},"modified":"2023-11-24T12:35:07","modified_gmt":"2023-11-24T10:35:07","slug":"yhteystiedot","status":"publish","type":"page","link":"https:\/\/turuntaidehalli.fi\/sv\/yhteystiedot\/","title":{"rendered":"Kontakt"},"content":{"rendered":"<div class=\"flex_column av_one_fifth  flex_column_div av-zero-column-padding first  avia-builder-el-0  el_before_av_three_fifth  avia-builder-el-first  \" style='border-radius:0px; '><\/div>\n<div class=\"flex_column av_three_fifth  flex_column_div av-zero-column-padding   avia-builder-el-1  el_after_av_one_fifth  el_before_av_one_fifth  \" style='border-radius:0px; '><div  style='padding-bottom:10px; font-size:80px;' class='av-special-heading av-special-heading-h1  blockquote modern-quote modern-centered  avia-builder-el-2  avia-builder-el-no-sibling  av-inherit-size '><h1 class='av-special-heading-tag '  itemprop=\"headline\"  >Kontaktinformation<\/h1><div class='special-heading-border'><div class='special-heading-inner-border' ><\/div><\/div><\/div><\/div>\n<div class=\"flex_column av_one_fifth  flex_column_div av-zero-column-padding   avia-builder-el-3  el_after_av_three_fifth  el_before_av_one_half  \" style='border-radius:0px; '><\/div>\n<div class=\"flex_column av_one_half  flex_column_div av-zero-column-padding first  avia-builder-el-4  el_after_av_one_fifth  el_before_av_one_half  column-top-margin\" style='border-radius:0px; '><section class=\"av_textblock_section \"  itemscope=\"itemscope\" itemtype=\"https:\/\/schema.org\/CreativeWork\" ><div class='avia_textblock  '   itemprop=\"text\" ><p><strong>Konstn\u00e4rsgillet i \u00c5bo<\/strong><br \/>\nMarjaana Valvee<br \/>\nVerksamhetsledare (vikarie)<br \/>\n<a href=\"mailto:anna.vuoria@valokuvakeskusperi.fi\">toiminnanjohtaja@turuntaiteilijaseura.fi<\/a><br \/>\n+358 45 8962918<\/p>\n<p><strong>Fotocentrum Peri<\/strong><br \/>\nAnna Vuoria<br \/>\nVerksamhetsledare<br \/>\n<a href=\"mailto:anna.vuoria@valokuvakeskusperi.fi\">anna.vuoria@valokuvakeskusperi.fi<\/a><br \/>\n+358 044 0780801<\/p>\n<p><strong>\u00c5bo Artotek<\/strong><br \/>\nAnna Hell\u00e9n<br \/>\nArtoteksledare<br \/>\n<a href=\"mailto:info@turuntaidelainaamo.fi\">info@turuntaidelainaamo.fi<\/a><br \/>\n+358 50 355 3266<\/p>\n<p><strong>PeriLab<\/strong><br \/>\n<a href=\"mailto:perilab@valokuvakeskusperi.fi\">perilab@valokuvakeskusperi.fi<\/a><\/p>\n<p>Konstn\u00e4rgillet i \u00c5bos\u00a0<a href=\"https:\/\/turuntaidehalli.fi\/wp-content\/uploads\/2020\/07\/TTS-rekisteriseloste-1.pdf\">integritetspolicy<\/a> (p\u00e5 finska).<br \/>\nFotocentrum Peris\u00a0<a href=\"https:\/\/valokuvakeskusperi.fi\/tietosuoja-ja-rekisteriseloste\">integritetspolicy<\/a> (p\u00e5 finska).<\/p>\n<p><a href=\"https:\/\/turuntaidehalli.fi\/turun-taidehalli\/turun-taiteilijaseura\/\">Konstn\u00e4rsgillet i \u00c5bos personal<\/a><br \/>\n<a href=\"https:\/\/valokuvakeskusperi.fi\/about-us\">Fotocentrum Peris personal<\/a><\/p>\n<p><strong>Festsalen<\/strong><br \/>\n<a href=\"https:\/\/www.turunraatihuone.fi\/\">www.turunraatihuone.fi<\/a><br \/>\n<a href=\"mailto:pauliina.floralia@gmail.com\">pauliina.floralia@gmail.com<\/a><\/p>\n<\/div><\/section><\/div><div class=\"flex_column av_one_half  flex_column_div av-zero-column-padding   avia-builder-el-6  el_after_av_one_half  avia-builder-el-last  column-top-margin\" style='border-radius:0px; '><section class=\"av_textblock_section \"  itemscope=\"itemscope\" itemtype=\"https:\/\/schema.org\/CreativeWork\" ><div class='avia_textblock  '   itemprop=\"text\" ><h3><iframe tabindex=\"0\" src=\"https:\/\/www.google.com\/maps\/embed?pb=!1m18!1m12!1m3!1d1967.6773966415262!2d22.273816616117852!3d60.45054108206509!2m3!1f0!2f0!3f0!3m2!1i1024!2i768!4f13.1!3m3!1m2!1s0x468c777f48c226a3%3A0xa2592ec7c1c7d511!2sTurun%20Taidehalli!5e0!3m2!1sen!2sfi!4v1590506553025!5m2!1sen!2sfi\" width=\"600\" height=\"450\" frameborder=\"0\" allowfullscreen=\"allowfullscreen\" aria-hidden=\"false\"><\/iframe><\/h3>\n<p><strong>L\u00c4GE<\/strong><br \/>\n\u00c5bo Konsthall \u00e4r bel\u00e4gen vid Gamla Stortorget 5, 20500 \u00c5bo (\u00c5bo Konsthall\/Gamla r\u00e5dhuset). Intr\u00e4de \u00e4r gratis.<\/p>\n<p><strong>PARKERING<\/strong><br \/>\n\u00c5bo Konsthall har ingen egen parkeringsplats, men exempelvis i omr\u00e5det kring Domkyrkotorget och Tavastgatan det finns rikligt med avgiftsbelagda parkeringsplatser.<\/p>\n<p><strong>CYKLAR<\/strong><br \/>\nCyklar kan l\u00e4mnas i cykelst\u00e4llen p\u00e5 Gamla Stortorget alldeles intill \u00c5bo Konsthall.<\/p>\n<p><strong>TILLG\u00c4NGLIGHET<\/strong><br \/>\nEn trappfri entr\u00e9 finns p\u00e5\u00a0 baksidan av huset. Ing\u00e5ng via portvalvet vid Tavastgatan 15 till innerg\u00e5rden och bakd\u00f6rren. Ring p\u00e5 d\u00f6rrklockan s\u00e5 \u00f6ppnar vi! I byggnaden finns en hiss och en st\u00f6rre WC (d\u00f6rr\u00f6ppningens bredd 78 cm).<\/p>\n<p><strong>HUSDJUR<\/strong><br \/>\nHusdjur \u00e4r v\u00e4lkomna om de \u00e4r i koppel under bes\u00f6ket. Vi ber bes\u00f6kare vakta att husdjuren inte g\u00e5r n\u00e4ra t.ex. installationer p\u00e5 golvet.<\/p>\n<h3><\/h3>\n<h3><\/h3>\n<\/div><\/section><\/div><\/p>\n","protected":false},"excerpt":{"rendered":"","protected":false},"author":5,"featured_media":0,"parent":0,"menu_order":0,"comment_status":"closed","ping_status":"closed","template":"","meta":{"spay_email":""},"jetpack_shortlink":"https:\/\/wp.me\/PaOqsS-2sl","_links":{"self":[{"href":"https:\/\/turuntaidehalli.fi\/sv\/wp-json\/wp\/v2\/pages\/9445"}],"collection":[{"href":"https:\/\/turuntaidehalli.fi\/sv\/wp-json\/wp\/v2\/pages"}],"about":[{"href":"https:\/\/turuntaidehalli.fi\/sv\/wp-json\/wp\/v2\/types\/page"}],"author":[{"embeddable":true,"href":"https:\/\/turuntaidehalli.fi\/sv\/wp-json\/wp\/v2\/users\/5"}],"replies":[{"embeddable":true,"href":"https:\/\/turuntaidehalli.fi\/sv\/wp-json\/wp\/v2\/comments?post=9445"}],"version-history":[{"count":21,"href":"https:\/\/turuntaidehalli.fi\/sv\/wp-json\/wp\/v2\/pages\/9445\/revisions"}],"predecessor-version":[{"id":17895,"href":"https:\/\/turuntaidehalli.fi\/sv\/wp-json\/wp\/v2\/pages\/9445\/revisions\/17895"}],"wp:attachment":[{"href":"https:\/\/turuntaidehalli.fi\/sv\/wp-json\/wp\/v2\/media?parent=9445"}],"curies":[{"name":"wp","href":"https:\/\/api.w.org\/{rel}","templated":true}]}}